{"id":10627,"date":"2022-11-15T09:01:29","date_gmt":"2022-11-15T09:01:29","guid":{"rendered":"https:\/\/ld-wp73.template-help.com\/woostroid2\/default\/?page_id=10627"},"modified":"2023-01-20T12:58:38","modified_gmt":"2023-01-20T12:58:38","slug":"refund_returns","status":"publish","type":"page","link":"https:\/\/victormudhe.com\/de\/ruckerstattung_ruckgaben\/","title":{"rendered":"Erstattungs- und R\u00fcckgabebestimmungen"},"content":{"rendered":"<div data-elementor-type=\"wp-page\" data-elementor-id=\"10627\" class=\"elementor elementor-10627\" data-elementor-post-type=\"page\">\n\t\t\t\t\t\t<section class=\"elementor-section elementor-top-section elementor-element elementor-element-78eb78de elementor-section-boxed elementor-section-height-default elementor-section-height-default\" data-id=\"78eb78de\" data-element_type=\"section\" data-settings=\"{&quot;jet_parallax_layout_list&quot;:[]}\">\n\t\t\t\t\t\t<div class=\"elementor-container elementor-column-gap-default\">\n\t\t\t\t\t<div class=\"elementor-column elementor-col-100 elementor-top-column elementor-element elementor-element-23040252\" data-id=\"23040252\" data-element_type=\"column\">\n\t\t\t<div class=\"elementor-widget-wrap elementor-element-populated\">\n\t\t\t\t\t\t<div class=\"elementor-element elementor-element-63c3f479 elementor-widget elementor-widget-text-editor\" data-id=\"63c3f479\" data-element_type=\"widget\" data-widget_type=\"text-editor.default\">\n\t\t\t\t<div class=\"elementor-widget-container\">\n\t\t\t<style>\/*! elementor - v3.23.0 - 25-07-2024 *\/\n.elementor-widget-text-editor.elementor-drop-cap-view-stacked .elementor-drop-cap{background-color:#69727d;color:#fff}.elementor-widget-text-editor.elementor-drop-cap-view-framed .elementor-drop-cap{color:#69727d;border:3px solid;background-color:transparent}.elementor-widget-text-editor:not(.elementor-drop-cap-view-default) .elementor-drop-cap{margin-top:8px}.elementor-widget-text-editor:not(.elementor-drop-cap-view-default) .elementor-drop-cap-letter{width:1em;height:1em}.elementor-widget-text-editor .elementor-drop-cap{float:left;text-align:center;line-height:1;font-size:50px}.elementor-widget-text-editor .elementor-drop-cap-letter{display:inline-block}<\/style>\t\t\t\t<!-- wp:paragraph -->\n<p><b>R\u00dcCKGABE\u00a0\u00a0<\/b><\/p>\n<p><span style=\"font-weight: 400;\">VICTOR MUDHE BIETET KOSTENLOSEN VERSAND F\u00dcR R\u00dcCKSENDUNGEN. BITTE BESUCHEN SIE UNSERE WEBSITE, UM EINE R\u00dcCKGABE ODER EINEN UMTAUSCH ZU STARTEN. INNERHALB VON 14 TAGEN AB LIEFERDATUM DER BESTELLUNG SIND R\u00dcCKSENDUNGEN UND UMTAUSCH BEI VICTOR MUDHE DERZEIT M\u00d6GLICH. ALLE ZUR\u00dcCKGEGEBENEN ARTIKEL M\u00dcSSEN MIT ALLEN ORIGINALETIKETTEN VERSEHEN, UNGETRAGEN, UNBESCH\u00c4DIGT UND UNGEWASCHEN SEIN. JEDER R\u00dcCKSENDUNG MUSS DIE ORIGINALRECHNUNG BEILIEGEN. DIE BEARBEITUNG DER R\u00dcCKSENDUNG KANN SICH SONST VERZ\u00d6GERN.\u00a0<\/span><\/p>\n<p><span style=\"font-weight: 400;\">JE NACH VERF\u00dcGBARKEIT DES PRODUKTS KANN EIN UMTAUSCH GEGEN EINE ANDERE GR\u00d6SSE ODER FARBE DES URSPR\u00dcNGLICH BESTELLTEN MODELLS ERFOLGEN. WENN SIE IHREN ARTIKEL GEGEN EIN ANDERES MODELL UMTAUSCHEN M\u00d6CHTEN, SCHICKEN SIE IHN BITTE ZUR\u00dcCK UND GEBEN SIE EINE NEUE BESTELLUNG F\u00dcR DAS GEW\u00dcNSCHTE MODELL AUF. NUR EINE UMTAUSCHSENDUNG WIRD VON VICTOR MUDHE BEZAHLT.\u00a0<\/span><\/p>\n<p><span style=\"font-weight: 400;\">R\u00dcCKSENDUNGEN WERDEN INNERHALB VON 3-5 WERKTAGEN NACH IHREM EINTREFFEN IN UNSERER EINRICHTUNG BEARBEITET. DIESER ZEITRAHMEN KANN SICH IN SPITZENZEITEN VERL\u00c4NGERN. ES KANN BIS ZU 5-10 WERKTAGE DAUERN, BIS DER ERSTATTETE BETRAG AUF IHREM KONTOAUSZUG ERSCHEINT, JE NACH IHREM ZAHLUNGSANBIETER.\u00a0<\/span><\/p>\n<p><span style=\"font-weight: 400;\">DIE ARTIKEL WERDEN AN SIE ZUR\u00dcCKGESCHICKT, WENN VICTOR MUDHE FESTSTELLT, DASS EINES DER PRODUKTE NICHT IN IHREM ORIGINALZUSTAND IST. WENN DIES DER FALL IST, WIRD KEINE ERSTATTUNG ODER KEIN UMTAUSCH GEW\u00c4HRT.\u00a0<\/span><\/p>\n<p><span style=\"font-weight: 400;\">support@victormudhe.com <\/span><span style=\"font-weight: 400;\">IST DER BESTE WEG, UM DEN KUNDENDIENST ZU ERREICHEN, WENN SIE IRGENDWELCHE FRAGEN HABEN. <\/span><\/p>\n<!-- \/wp:paragraph -->\t\t\t\t\t\t<\/div>\n\t\t\t\t<\/div>\n\t\t\t\t\t<\/div>\n\t\t<\/div>\n\t\t\t\t\t<\/div>\n\t\t<\/section>\n\t\t\t\t<\/div>","protected":false},"excerpt":{"rendered":"<p>RETURNS&nbsp;&nbsp; VICTOR MUDHE PROVIDES FREE SHIPPING FOR RETURNS. PLEASE VISIT OUR WEBSITE TO START A&nbsp; RETURN OR EXCHANGE. WITHIN 14 DAYS OF THE ORDER DELIVERY DATE, VICTOR MUDHE&nbsp; CURRENTLY ALLOWS RETURNS AND EXCHANGES. ALL RETURNED ITEMS NEED TO HAVE ALL&nbsp; ORIGINAL TAGS ATTACHED, BE UNWORN, UNDAMAGED, AND UNWASHED. ANY RETURN MUST&nbsp; INCLUDE THE ORIGINAL INVOICE. [&hellip;]<\/p>","protected":false},"author":1,"featured_media":0,"parent":0,"menu_order":0,"comment_status":"closed","ping_status":"closed","template":"elementor_header_footer","meta":{"footnotes":""},"class_list":["post-10627","page","type-page","status-publish","hentry"],"_links":{"self":[{"href":"https:\/\/victormudhe.com\/de\/wp-json\/wp\/v2\/pages\/10627","targetHints":{"allow":["GET"]}}],"collection":[{"href":"https:\/\/victormudhe.com\/de\/wp-json\/wp\/v2\/pages"}],"about":[{"href":"https:\/\/victormudhe.com\/de\/wp-json\/wp\/v2\/types\/page"}],"author":[{"embeddable":true,"href":"https:\/\/victormudhe.com\/de\/wp-json\/wp\/v2\/users\/1"}],"replies":[{"embeddable":true,"href":"https:\/\/victormudhe.com\/de\/wp-json\/wp\/v2\/comments?post=10627"}],"version-history":[{"count":5,"href":"https:\/\/victormudhe.com\/de\/wp-json\/wp\/v2\/pages\/10627\/revisions"}],"predecessor-version":[{"id":12829,"href":"https:\/\/victormudhe.com\/de\/wp-json\/wp\/v2\/pages\/10627\/revisions\/12829"}],"wp:attachment":[{"href":"https:\/\/victormudhe.com\/de\/wp-json\/wp\/v2\/media?parent=10627"}],"curies":[{"name":"wp","href":"https:\/\/api.w.org\/{rel}","templated":true}]}}