{"id":12281,"date":"2022-11-23T22:26:48","date_gmt":"2022-11-23T22:26:48","guid":{"rendered":"https:\/\/victormudhe.com\/?post_type=product&#038;p=12281"},"modified":"2024-01-24T15:46:50","modified_gmt":"2024-01-24T15:46:50","slug":"point-dress-pants-black-gray-check","status":"publish","type":"product","link":"https:\/\/victormudhe.com\/de\/shop\/begrenzt\/punkt-kleid-hose-schwarz-grau-karo\/","title":{"rendered":"POINT DRESS HOSE - SCHWARZ\/GRAU KARIERT"},"content":{"rendered":"<div data-elementor-type=\"wp-post\" data-elementor-id=\"12281\" class=\"elementor elementor-12281\" data-elementor-post-type=\"product\">\n\t\t\t\t\t\t<section class=\"elementor-section elementor-top-section elementor-element elementor-element-40809d1 elementor-section-boxed elementor-section-height-default elementor-section-height-default\" data-id=\"40809d1\" data-element_type=\"section\" data-settings=\"{&quot;jet_parallax_layout_list&quot;:[],&quot;background_background&quot;:&quot;classic&quot;}\">\n\t\t\t\t\t\t\t<div class=\"elementor-background-overlay\"><\/div>\n\t\t\t\t\t\t\t<div class=\"elementor-container elementor-column-gap-default\">\n\t\t\t\t\t<div class=\"elementor-column elementor-col-100 elementor-top-column elementor-element elementor-element-2b6246c\" data-id=\"2b6246c\" data-element_type=\"column\">\n\t\t\t<div class=\"elementor-widget-wrap elementor-element-populated\">\n\t\t\t\t\t\t<div class=\"elementor-element elementor-element-2ae0c98 elementor-widget elementor-widget-jet-tabs\" data-id=\"2ae0c98\" data-element_type=\"widget\" data-settings=\"{&quot;tabs_position&quot;:&quot;top&quot;,&quot;no_active_tabs&quot;:&quot;false&quot;}\" data-widget_type=\"jet-tabs.default\">\n\t\t\t\t<div class=\"elementor-widget-container\">\n\t\t\t\n\t\t<div class=\"jet-tabs jet-tabs-position-top jet-tabs-move-up-effect\" data-settings=\"{&quot;activeIndex&quot;:0,&quot;event&quot;:&quot;click&quot;,&quot;autoSwitch&quot;:false,&quot;autoSwitchDelay&quot;:3000,&quot;ajaxTemplate&quot;:false,&quot;tabsPosition&quot;:&quot;top&quot;,&quot;switchScrolling&quot;:false,&quot;switchScrollingOffset&quot;:0}\">\n\t\t\t<div class=\"jet-tabs__control-wrapper\" \trole=\"tablist\">\n\t\t\t\t<div id=\"jet-tabs-control-4491\" class=\"jet-tabs__control jet-tabs__control-icon-left elementor-menu-anchor active-tab\" data-tab=\"1\" tabindex=\"0\" role=\"tab\" aria-controls=\"jet-tabs-content-4491\" aria-expanded=\"true\" data-template-id=\"false\"><div class=\"jet-tabs__control-inner\"><div class=\"jet-tabs__label-text\">DIE DETAILS<\/div><\/div><\/div><div id=\"jet-tabs-control-4492\" class=\"jet-tabs__control jet-tabs__control-icon-left elementor-menu-anchor\" data-tab=\"2\" tabindex=\"0\" role=\"tab\" aria-controls=\"jet-tabs-content-4492\" aria-expanded=\"false\" data-template-id=\"false\"><div class=\"jet-tabs__control-inner\"><div class=\"jet-tabs__label-text\">GR\u00d6SSE &amp; PASSFORM<\/div><\/div><\/div><div id=\"jet-tabs-control-4493\" class=\"jet-tabs__control jet-tabs__control-icon-left elementor-menu-anchor\" data-tab=\"3\" tabindex=\"0\" role=\"tab\" aria-controls=\"jet-tabs-content-4493\" aria-expanded=\"false\" data-template-id=\"false\"><div class=\"jet-tabs__control-inner\"><div class=\"jet-tabs__label-text\">LIEFERUNG UND R\u00dcCKGABE<\/div><\/div><\/div>\t\t\t<\/div>\n\t\t\t<div class=\"jet-tabs__content-wrapper\">\n\t\t\t\t<div id=\"jet-tabs-content-4491\" class=\"jet-tabs__content active-content\" data-tab=\"1\" role=\"tabpanel\" aria-hidden=\"false\" data-template-id=\"false\"><h6><strong>Hergestellt in Portugal<\/strong><\/h6><h4>HIGHLIGHTS<\/h4><ul><li style=\"font-weight: 400\"><span style=\"font-weight: 400\">Grau\/schwarz<\/span><\/li><li style=\"font-weight: 400\"><span style=\"font-weight: 400\">Stoff pr\u00fcfen<\/span><\/li><li style=\"font-weight: 400\"><span style=\"font-weight: 400\">G\u00fcrtelschlaufen<\/span><\/li><li style=\"font-weight: 400\"><span style=\"font-weight: 400\">Frontknopf und Rei\u00dfverschluss\u00a0<\/span><\/li><li style=\"font-weight: 400\"><span style=\"font-weight: 400\">Zwei seitliche Eingrifftaschen<\/span><\/li><li style=\"font-weight: 400\"><span style=\"font-weight: 400\">Zwei hintere Leistentaschen<\/span><\/li><li style=\"font-weight: 400\"><span style=\"font-weight: 400\">Gerades Bein<\/span><\/li><\/ul><h4>ZUSAMMENSETZUNG:<\/h4><ul><li><span style=\"font-weight: 400\"><span style=\"font-weight: 400\">68% Polyester<\/span><\/span><\/li><li>28% Viskose<\/li><li>4% Elastan<span style=\"font-weight: 400\"><br \/><\/span><\/li><\/ul><h4>WASCHANLEITUNG:<\/h4><ul><li>Maschinenw\u00e4sche<\/li><\/ul><h4>TR\u00c4GT:<\/h4><ul><li style=\"font-weight: 400\"><span style=\"font-weight: 400\">Das Model ist 189 m und tr\u00e4gt Gr\u00f6\u00dfe<\/span><span style=\"font-weight: 400\"> L<\/span><span style=\"font-weight: 400\">.<\/span><\/li><li style=\"font-weight: 400\"><span style=\"font-weight: 400\">Gewicht des Modells 76 kg<\/span><\/li><\/ul><\/div><div id=\"jet-tabs-content-4492\" class=\"jet-tabs__content\" data-tab=\"2\" role=\"tabpanel\" aria-hidden=\"true\" data-template-id=\"false\"><h4>Ma\u00dfe des Modells:<\/h4><ul><li><span style=\"font-weight: 400\">H\u00f6he: 189 cm<\/span><\/li><li><span style=\"font-weight: 400\">Brustumfang: 91 cm<\/span><\/li><li><span style=\"font-weight: 400\">Taille: 73 cm<\/span><\/li><\/ul><h4>Produktabmessungen:<\/h4><ul><li><span style=\"font-weight: 400\">L\u00e4nge:112,5 cm<\/span><\/li><li><span style=\"font-weight: 400\">Taille: 42 cm<\/span><\/li><li><span style=\"font-weight: 400\">H\u00fcften: 54,5 cm<\/span><\/li><\/ul><\/div><div id=\"jet-tabs-content-4493\" class=\"jet-tabs__content\" data-tab=\"3\" role=\"tabpanel\" aria-hidden=\"true\" data-template-id=\"false\"><div class=\"ltr-182wjbq e2xvq5z2\"><div class=\"ltr-jeopbd\"><div class=\"ltr-r7lr81 e10aysui0\"><h4 class=\"ltr-1e7bs0a-Body-BodyBold e1xaa20t0\">Wir halten Ihnen den R\u00fccken frei<\/h4><div data-flat-content=\"FF3:ITEM:WEGOTYOURBACK\"><ul><li>Eine Liefergeb\u00fchr f\u00fcr die meisten Orte (siehe unsere Seite Bestellungen &amp; Lieferung)<\/li><li>Kostenlose R\u00fccksendung innerhalb von 14 Tagen (ausgenommen Schlussverkauf, Sonderanfertigungen, Gesichtsmasken und bestimmte Sch\u00f6nheitsprodukte, die gef\u00e4hrliche oder entflammbare Stoffe enthalten, wie Duftstoffe und Aerosole)<\/li><li>Alle unsere Lieferungen sind klimabewusst<\/li><\/ul><\/div><\/div><div><h4 class=\"ltr-1e7bs0a-Body-BodyBold e1xaa20t0\">Informationen zu den Einfuhrz\u00f6llen<\/h4><div data-flat-content=\"FF3:ITEM:IMPORTDUTIES\"><p>\u00dcberlassen Sie uns die Laufarbeit.<\/p><p>Beim Versand in alle EU-L\u00e4nder (mit Ausnahme der Kanarischen Inseln) sowie in das Vereinigte K\u00f6nigreich, die USA, Kanada, das chinesische Festland, Australien, Neuseeland, Puerto Rico, die Schweiz, Singapur, die Republik Korea, Kuwait, Mexiko, Katar, Indien, Norwegen, Saudi-Arabien, die Region Taiwan, Thailand, die Vereinigten Arabischen Emirate, Japan, Brasilien, die Isle of Man, San Marino, Kolumbien, Chile, Argentinien, \u00c4gypten, den Libanon, Hongkong SAR und Bahrain sind die Einfuhrabgaben im Artikelpreis enthalten. Alle Einfuhrz\u00f6lle sind in Ihrer Bestellung enthalten - der Preis, den Sie sehen, ist der Preis, den Sie zahlen.<\/p><\/div><\/div><\/div><\/div><div class=\"ltr-15eja7h e2xvq5z1\"><div class=\"ltr-jeopbd\"><div><h4 class=\"ltr-1e7bs0a-Body-BodyBold e1xaa20t0\">Voraussichtliche Lieferung<\/h4><div><p class=\"ltr-4y8w0i-Body e1s5vycj0\">Standard: 5 Tage\u00a0<\/p><p class=\"ltr-4y8w0i-Body e1s5vycj0\">Express: 3 Tage<\/p><\/div><\/div><div class=\"ltr-zjik7 e1va66bv0\"><p class=\"ltr-4y8w0i-Body e1s5vycj0\">Versenden von unserem Marktplatzverk\u00e4ufer in Polen<\/p><\/div><\/div><\/div><div class=\"ltr-1sg68be e2xvq5z0\"><div class=\"ltr-jeopbd\"><div><h4 class=\"ltr-1e7bs0a-Body-BodyBold e1xaa20t0\">Ben\u00f6tigen Sie weitere Informationen?<\/h4><ul class=\"ltr-1tp1224 e1r3xsk40\"><li><a class=\"ltr-1kby4wd-Body e1w8i7z30\" href=\"https:\/\/www.farfetch.com\/pt\/orders-and-shipping\" target=\"_blank\" rel=\"noopener\">Bestellungen &amp; Lieferung<\/a><\/li><li><a class=\"ltr-1kby4wd-Body e1w8i7z30\" href=\"https:\/\/www.farfetch.com\/pt\/returns-and-refunds\" target=\"_blank\" rel=\"noopener\">R\u00fccksendungen und Erstattungen<\/a><\/li><li><a class=\"ltr-1kby4wd-Body e1w8i7z30\" href=\"https:\/\/www.farfetch.com\/pt\/faqs\" target=\"_blank\" rel=\"noopener\">Z\u00f6lle und Steuern<\/a><\/li><li><a class=\"ltr-1kby4wd-Body e1w8i7z30\" href=\"https:\/\/www.farfetch.com\/pt\/stories\/climateconsciousdelivery.aspx\" target=\"_blank\" rel=\"noopener\">Klimabewusste Lieferung<\/a><\/li><\/ul><\/div><\/div><\/div><\/div>\t\t\t<\/div>\n\t\t<\/div>\n\t\t\t\t<\/div>\n\t\t\t\t<\/div>\n\t\t\t\t<div class=\"elementor-element elementor-element-d6560cf elementor-widget elementor-widget-heading\" data-id=\"d6560cf\" data-element_type=\"widget\" data-widget_type=\"heading.default\">\n\t\t\t\t<div class=\"elementor-widget-container\">\n\t\t\t<style>\/*! elementor - v3.23.0 - 25-07-2024 *\/\n.elementor-heading-title{padding:0;margin:0;line-height:1}.elementor-widget-heading .elementor-heading-title[class*=elementor-size-]>a{color:inherit;font-size:inherit;line-height:inherit}.elementor-widget-heading .elementor-heading-title.elementor-size-small{font-size:15px}.elementor-widget-heading .elementor-heading-title.elementor-size-medium{font-size:19px}.elementor-widget-heading .elementor-heading-title.elementor-size-large{font-size:29px}.elementor-widget-heading .elementor-heading-title.elementor-size-xl{font-size:39px}.elementor-widget-heading .elementor-heading-title.elementor-size-xxl{font-size:59px}<\/style><h4 class=\"elementor-heading-title elementor-size-default\">L\u00e4nder, die dieses exklusive St\u00fcck bereits besitzen<\/h4>\t\t<\/div>\n\t\t\t\t<\/div>\n\t\t\t\t<div class=\"elementor-element elementor-element-768031b elementor-widget elementor-widget-osm-map-elementor\" data-id=\"768031b\" data-element_type=\"widget\" data-widget_type=\"osm-map-elementor.default\">\n\t\t\t\t<div class=\"elementor-widget-container\">\n\t\t\t<div id=\"osm-map-768031b\" \n        class=\"osm-map-container\" \n        data-center=\"50.336025439108,-46.149781768578\"><\/div>        <script type=\"text\/javascript\">\n                    <\/script>\n        \t\t<\/div>\n\t\t\t\t<\/div>\n\t\t\t\t\t<\/div>\n\t\t<\/div>\n\t\t\t\t\t<\/div>\n\t\t<\/section>\n\t\t\t\t<\/div>","protected":false},"excerpt":{"rendered":"<p>Diese klassische, gestapelte Hose mit geradem Bein ist vielseitig mit einem Anzugmaterial und einem modischen Design, das f\u00fcr alle Gelegenheiten mit Komfort gemacht ist. Die Farben kontrastieren und erg\u00e4nzen sich auf diesen Hosen, mit einer Begrenzung von 9 St\u00fcck f\u00fcr exklusive und mutige Vision\u00e4re gemacht.<\/p>","protected":false},"featured_media":13408,"comment_status":"closed","ping_status":"closed","template":"","meta":[],"product_cat":[90,176,240,114,147],"product_tag":[108,107],"class_list":{"0":"post-12281","1":"product","2":"type-product","3":"status-publish","4":"has-post-thumbnail","6":"product_cat-limitedition","7":"product_cat-menswear","8":"product_cat-out-of-stock","9":"product_cat-suit","10":"product_cat-trousers","11":"product_tag-check","12":"product_tag-jacket","13":"pa_color-black","14":"pa_color-gray-black","15":"pa_limited-edition-1-9-4-9","16":"pa_limited-edition-1-9-5-9","17":"pa_size-s","18":"pa_size-m","19":"pa_size-l","20":"pa_size-xl","22":"first","23":"outofstock","24":"taxable","25":"shipping-taxable","26":"purchasable","27":"product-type-variable"},"_links":{"self":[{"href":"https:\/\/victormudhe.com\/de\/wp-json\/wp\/v2\/product\/12281","targetHints":{"allow":["GET"]}}],"collection":[{"href":"https:\/\/victormudhe.com\/de\/wp-json\/wp\/v2\/product"}],"about":[{"href":"https:\/\/victormudhe.com\/de\/wp-json\/wp\/v2\/types\/product"}],"replies":[{"embeddable":true,"href":"https:\/\/victormudhe.com\/de\/wp-json\/wp\/v2\/comments?post=12281"}],"version-history":[{"count":57,"href":"https:\/\/victormudhe.com\/de\/wp-json\/wp\/v2\/product\/12281\/revisions"}],"predecessor-version":[{"id":14510,"href":"https:\/\/victormudhe.com\/de\/wp-json\/wp\/v2\/product\/12281\/revisions\/14510"}],"wp:featuredmedia":[{"embeddable":true,"href":"https:\/\/victormudhe.com\/de\/wp-json\/wp\/v2\/media\/13408"}],"wp:attachment":[{"href":"https:\/\/victormudhe.com\/de\/wp-json\/wp\/v2\/media?parent=12281"}],"wp:term":[{"taxonomy":"product_cat","embeddable":true,"href":"https:\/\/victormudhe.com\/de\/wp-json\/wp\/v2\/product_cat?post=12281"},{"taxonomy":"product_tag","embeddable":true,"href":"https:\/\/victormudhe.com\/de\/wp-json\/wp\/v2\/product_tag?post=12281"}],"curies":[{"name":"wp","href":"https:\/\/api.w.org\/{rel}","templated":true}]}}