{"id":12424,"date":"2023-01-10T16:03:32","date_gmt":"2023-01-10T16:03:32","guid":{"rendered":"https:\/\/victormudhe.com\/?post_type=product&#038;p=12424"},"modified":"2024-01-24T10:55:52","modified_gmt":"2024-01-24T10:55:52","slug":"cox-jacket-blue-white","status":"publish","type":"product","link":"https:\/\/victormudhe.com\/de\/shop\/jacke\/cox-jacket-blau-weis\/","title":{"rendered":"COX JACKE - BLAU\/WEISS"},"content":{"rendered":"<div data-elementor-type=\"wp-post\" data-elementor-id=\"12424\" class=\"elementor elementor-12424\" data-elementor-post-type=\"product\">\n\t\t\t\t\t\t<section class=\"elementor-section elementor-top-section elementor-element elementor-element-40809d1 elementor-section-boxed elementor-section-height-default elementor-section-height-default\" data-id=\"40809d1\" data-element_type=\"section\" data-settings=\"{&quot;jet_parallax_layout_list&quot;:[],&quot;background_background&quot;:&quot;classic&quot;}\">\n\t\t\t\t\t\t\t<div class=\"elementor-background-overlay\"><\/div>\n\t\t\t\t\t\t\t<div class=\"elementor-container elementor-column-gap-default\">\n\t\t\t\t\t<div class=\"elementor-column elementor-col-100 elementor-top-column elementor-element elementor-element-2b6246c\" data-id=\"2b6246c\" data-element_type=\"column\">\n\t\t\t<div class=\"elementor-widget-wrap elementor-element-populated\">\n\t\t\t\t\t\t<div class=\"elementor-element elementor-element-2ae0c98 elementor-widget elementor-widget-jet-tabs\" data-id=\"2ae0c98\" data-element_type=\"widget\" data-settings=\"{&quot;tabs_position&quot;:&quot;top&quot;,&quot;no_active_tabs&quot;:&quot;false&quot;}\" data-widget_type=\"jet-tabs.default\">\n\t\t\t\t<div class=\"elementor-widget-container\">\n\t\t\t\n\t\t<div class=\"jet-tabs jet-tabs-position-top jet-tabs-move-up-effect\" data-settings=\"{&quot;activeIndex&quot;:0,&quot;event&quot;:&quot;click&quot;,&quot;autoSwitch&quot;:false,&quot;autoSwitchDelay&quot;:3000,&quot;ajaxTemplate&quot;:false,&quot;tabsPosition&quot;:&quot;top&quot;,&quot;switchScrolling&quot;:false,&quot;switchScrollingOffset&quot;:0}\">\n\t\t\t<div class=\"jet-tabs__control-wrapper\" \trole=\"tablist\">\n\t\t\t\t<div id=\"jet-tabs-control-4491\" class=\"jet-tabs__control jet-tabs__control-icon-left elementor-menu-anchor active-tab\" data-tab=\"1\" tabindex=\"0\" role=\"tab\" aria-controls=\"jet-tabs-content-4491\" aria-expanded=\"true\" data-template-id=\"false\"><div class=\"jet-tabs__control-inner\"><div class=\"jet-tabs__label-text\">DIE DETAILS<\/div><\/div><\/div><div id=\"jet-tabs-control-4492\" class=\"jet-tabs__control jet-tabs__control-icon-left elementor-menu-anchor\" data-tab=\"2\" tabindex=\"0\" role=\"tab\" aria-controls=\"jet-tabs-content-4492\" aria-expanded=\"false\" data-template-id=\"false\"><div class=\"jet-tabs__control-inner\"><div class=\"jet-tabs__label-text\">GR\u00d6SSE &amp; PASSFORM<\/div><\/div><\/div>\t\t\t<\/div>\n\t\t\t<div class=\"jet-tabs__content-wrapper\">\n\t\t\t\t<div id=\"jet-tabs-content-4491\" class=\"jet-tabs__content active-content\" data-tab=\"1\" role=\"tabpanel\" aria-hidden=\"false\" data-template-id=\"false\"><h6><strong>Hergestellt in Portugal<\/strong><\/h6><h5><strong>HIGHLIGHTS<\/strong><\/h5><ul><li>Blau\/Wei\u00df<\/li><li>Stoff pr\u00fcfen<\/li><li>Lange \u00c4rmel<\/li><li>Klassischer Kragen<\/li><li>Knopfverschluss vorne<\/li><li>Zwei aufgesetzte Brusttaschen<\/li><li>Schlank\/Gerade<\/li><\/ul><h5><strong>ZUSAMMENSETZUNG<\/strong><\/h5><ul><li>68% Polyester<\/li><li>28% Viskose<\/li><li>4% Elastan<\/li><\/ul><h5><strong>WASCHANLEITUNG<\/strong><\/h5><ul><li>Maschinenw\u00e4sche<\/li><\/ul><h5><strong>WEARING<\/strong><\/h5><ul><li>Das Model ist 189 m gro\u00df und tr\u00e4gt Gr\u00f6\u00dfe L.<\/li><li>Gewicht des Modells 76 kg<\/li><\/ul><\/div><div id=\"jet-tabs-content-4492\" class=\"jet-tabs__content\" data-tab=\"2\" role=\"tabpanel\" aria-hidden=\"true\" data-template-id=\"false\"><h5><strong>MODELLMESSUNGEN<\/strong><\/h5><ul><li>H\u00f6he: 189 cm<\/li><li>Brustumfang: 91 cm<\/li><li>Taille: 73 cm <br \/>das Model ist 189 m und tr\u00e4gt Gr\u00f6\u00dfe M<\/li><\/ul><h5><strong>PRODUKTABMESSUNGEN<\/strong><\/h5><ul><li>L\u00e4nge: 65 cm<\/li><li>Brust 1\/2: 56 cm<\/li><li>Schulter: 51 cm<\/li><li>\u00c4rmell\u00e4nge: 70 cm<\/li><li>Taille: 54 cm<\/li><li>das Model ist 189 m und tr\u00e4gt Gr\u00f6\u00dfe M<\/li><\/ul><\/div>\t\t\t<\/div>\n\t\t<\/div>\n\t\t\t\t<\/div>\n\t\t\t\t<\/div>\n\t\t\t\t<div class=\"elementor-element elementor-element-d6560cf elementor-widget elementor-widget-heading\" data-id=\"d6560cf\" data-element_type=\"widget\" data-widget_type=\"heading.default\">\n\t\t\t\t<div class=\"elementor-widget-container\">\n\t\t\t<style>\/*! elementor - v3.23.0 - 25-07-2024 *\/\n.elementor-heading-title{padding:0;margin:0;line-height:1}.elementor-widget-heading .elementor-heading-title[class*=elementor-size-]>a{color:inherit;font-size:inherit;line-height:inherit}.elementor-widget-heading .elementor-heading-title.elementor-size-small{font-size:15px}.elementor-widget-heading .elementor-heading-title.elementor-size-medium{font-size:19px}.elementor-widget-heading .elementor-heading-title.elementor-size-large{font-size:29px}.elementor-widget-heading .elementor-heading-title.elementor-size-xl{font-size:39px}.elementor-widget-heading .elementor-heading-title.elementor-size-xxl{font-size:59px}<\/style><h4 class=\"elementor-heading-title elementor-size-default\">L\u00e4nder, die dieses exklusive St\u00fcck bereits besitzen<\/h4>\t\t<\/div>\n\t\t\t\t<\/div>\n\t\t\t\t<div class=\"elementor-element elementor-element-768031b elementor-widget elementor-widget-osm-map-elementor\" data-id=\"768031b\" data-element_type=\"widget\" data-widget_type=\"osm-map-elementor.default\">\n\t\t\t\t<div class=\"elementor-widget-container\">\n\t\t\t<div id=\"osm-map-768031b\" \n        class=\"osm-map-container\" \n        data-center=\"29.179359048328,-37.326131931837\"><\/div>        <script type=\"text\/javascript\">\n                    <\/script>\n        \t\t<\/div>\n\t\t\t\t<\/div>\n\t\t\t\t\t<\/div>\n\t\t<\/div>\n\t\t\t\t\t<\/div>\n\t\t<\/section>\n\t\t\t\t<\/div>","protected":false},"excerpt":{"rendered":"<p><span style=\"font-weight: 400\">Diese auf 22 Exemplare limitierte COX-Jacke wurde f\u00fcr exklusive und mutige Vision\u00e4re geschneidert und mit einer franz\u00f6sischen Naht komplettiert, um unserer Jacke das perfekte Finish zu verleihen. Wei\u00dfer klassischer Kragen als Kontrast zu unserer blauen Jacke mit feinen Streifen<\/span><\/p>","protected":false},"featured_media":13510,"comment_status":"closed","ping_status":"closed","template":"","meta":[],"product_cat":[82,90,176,114],"product_tag":[96,98,97],"class_list":{"0":"post-12424","1":"product","2":"type-product","3":"status-publish","4":"has-post-thumbnail","6":"product_cat-jacket","7":"product_cat-limitedition","8":"product_cat-menswear","9":"product_cat-suit","10":"product_tag-graphic-print","11":"product_tag-shirt","12":"product_tag-silk","13":"pa_color-blue","14":"pa_color-white","15":"pa_limited-edition-1-22-4-22","16":"pa_limited-edition-1-22-6-22","17":"pa_limited-edition-1-22-7-22","18":"pa_limited-edition-1-22-8-22","19":"pa_limited-edition-1-22-9-22","20":"pa_limited-edition-1-22-10-22","21":"pa_limited-edition-1-22-11-22","22":"pa_limited-edition-1-22-12-22","23":"pa_limited-edition-1-22-13-22","24":"pa_limited-edition-1-22-14-22","25":"pa_limited-edition-1-22-16-22","26":"pa_limited-edition-1-22-18-22","27":"pa_limited-edition-1-22-19-22","28":"pa_limited-edition-1-22-20-22","29":"pa_size-s","30":"pa_size-m","31":"pa_size-l","32":"pa_size-xl","33":"pa_size-xxl","35":"first","36":"instock","37":"taxable","38":"shipping-taxable","39":"purchasable","40":"product-type-variable"},"_links":{"self":[{"href":"https:\/\/victormudhe.com\/de\/wp-json\/wp\/v2\/product\/12424","targetHints":{"allow":["GET"]}}],"collection":[{"href":"https:\/\/victormudhe.com\/de\/wp-json\/wp\/v2\/product"}],"about":[{"href":"https:\/\/victormudhe.com\/de\/wp-json\/wp\/v2\/types\/product"}],"replies":[{"embeddable":true,"href":"https:\/\/victormudhe.com\/de\/wp-json\/wp\/v2\/comments?post=12424"}],"version-history":[{"count":43,"href":"https:\/\/victormudhe.com\/de\/wp-json\/wp\/v2\/product\/12424\/revisions"}],"predecessor-version":[{"id":14738,"href":"https:\/\/victormudhe.com\/de\/wp-json\/wp\/v2\/product\/12424\/revisions\/14738"}],"wp:featuredmedia":[{"embeddable":true,"href":"https:\/\/victormudhe.com\/de\/wp-json\/wp\/v2\/media\/13510"}],"wp:attachment":[{"href":"https:\/\/victormudhe.com\/de\/wp-json\/wp\/v2\/media?parent=12424"}],"wp:term":[{"taxonomy":"product_cat","embeddable":true,"href":"https:\/\/victormudhe.com\/de\/wp-json\/wp\/v2\/product_cat?post=12424"},{"taxonomy":"product_tag","embeddable":true,"href":"https:\/\/victormudhe.com\/de\/wp-json\/wp\/v2\/product_tag?post=12424"}],"curies":[{"name":"wp","href":"https:\/\/api.w.org\/{rel}","templated":true}]}}