{"id":13673,"date":"2023-02-01T11:30:10","date_gmt":"2023-02-01T11:30:10","guid":{"rendered":"https:\/\/victormudhe.com\/?post_type=product&#038;p=13673"},"modified":"2024-01-24T11:36:48","modified_gmt":"2024-01-24T11:36:48","slug":"dime-printed-pants-ecru-orange","status":"publish","type":"product","link":"https:\/\/victormudhe.com\/de\/shop\/denim\/dime-bedruckte-hose-ecru-orange\/","title":{"rendered":"DIME BEDRUCKTE HOSE-ECRU ORANGE"},"content":{"rendered":"<div data-elementor-type=\"wp-post\" data-elementor-id=\"13673\" class=\"elementor elementor-13673\" data-elementor-post-type=\"product\">\n\t\t\t\t\t\t<section class=\"elementor-section elementor-top-section elementor-element elementor-element-40809d1 elementor-section-boxed elementor-section-height-default elementor-section-height-default\" data-id=\"40809d1\" data-element_type=\"section\" data-settings=\"{&quot;jet_parallax_layout_list&quot;:[],&quot;background_background&quot;:&quot;classic&quot;}\">\n\t\t\t\t\t\t\t<div class=\"elementor-background-overlay\"><\/div>\n\t\t\t\t\t\t\t<div class=\"elementor-container elementor-column-gap-default\">\n\t\t\t\t\t<div class=\"elementor-column elementor-col-100 elementor-top-column elementor-element elementor-element-2b6246c\" data-id=\"2b6246c\" data-element_type=\"column\">\n\t\t\t<div class=\"elementor-widget-wrap elementor-element-populated\">\n\t\t\t\t\t\t<div class=\"elementor-element elementor-element-2ae0c98 elementor-widget elementor-widget-jet-tabs\" data-id=\"2ae0c98\" data-element_type=\"widget\" data-settings=\"{&quot;tabs_position&quot;:&quot;top&quot;,&quot;no_active_tabs&quot;:&quot;false&quot;}\" data-widget_type=\"jet-tabs.default\">\n\t\t\t\t<div class=\"elementor-widget-container\">\n\t\t\t\n\t\t<div class=\"jet-tabs jet-tabs-position-top jet-tabs-move-up-effect\" data-settings=\"{&quot;activeIndex&quot;:0,&quot;event&quot;:&quot;click&quot;,&quot;autoSwitch&quot;:false,&quot;autoSwitchDelay&quot;:3000,&quot;ajaxTemplate&quot;:false,&quot;tabsPosition&quot;:&quot;top&quot;,&quot;switchScrolling&quot;:false,&quot;switchScrollingOffset&quot;:0}\">\n\t\t\t<div class=\"jet-tabs__control-wrapper\" \trole=\"tablist\">\n\t\t\t\t<div id=\"jet-tabs-control-4491\" class=\"jet-tabs__control jet-tabs__control-icon-left elementor-menu-anchor active-tab\" data-tab=\"1\" tabindex=\"0\" role=\"tab\" aria-controls=\"jet-tabs-content-4491\" aria-expanded=\"true\" data-template-id=\"false\"><div class=\"jet-tabs__control-inner\"><div class=\"jet-tabs__label-text\">DIE DETAILS<\/div><\/div><\/div><div id=\"jet-tabs-control-4492\" class=\"jet-tabs__control jet-tabs__control-icon-left elementor-menu-anchor\" data-tab=\"2\" tabindex=\"0\" role=\"tab\" aria-controls=\"jet-tabs-content-4492\" aria-expanded=\"false\" data-template-id=\"false\"><div class=\"jet-tabs__control-inner\"><div class=\"jet-tabs__label-text\">GR\u00d6SSE &amp; PASSFORM<\/div><\/div><\/div>\t\t\t<\/div>\n\t\t\t<div class=\"jet-tabs__content-wrapper\">\n\t\t\t\t<div id=\"jet-tabs-content-4491\" class=\"jet-tabs__content active-content\" data-tab=\"1\" role=\"tabpanel\" aria-hidden=\"false\" data-template-id=\"false\"><h6><strong>Hergestellt in Portugal<\/strong><\/h6><h5><strong>HIGHLIGHTS<\/strong><\/h5><ul><li style=\"font-weight: 400\"><span style=\"font-weight: 400\">Ecru \/ orange<\/span><\/li><li style=\"font-weight: 400\"><span style=\"font-weight: 400\">Bio-Baumwolle<\/span><\/li><li style=\"font-weight: 400\"><span style=\"font-weight: 400\">Vollfl\u00e4chiger Druck<\/span><\/li><li style=\"font-weight: 400\"><span style=\"font-weight: 400\">G\u00fcrtelschlaufen<\/span><\/li><li style=\"font-weight: 400\"><span style=\"font-weight: 400\">Frontknopf und Rei\u00dfverschluss\u00a0<\/span><\/li><li style=\"font-weight: 400\"><span style=\"font-weight: 400\">Zwei abgerundete Taschen an den Seiten<\/span><\/li><li style=\"font-weight: 400\"><span style=\"font-weight: 400\">Zwei aufgesetzte Taschen hinten<\/span><\/li><li style=\"font-weight: 400\"><span style=\"font-weight: 400\">Gerades Bein<\/span><\/li><\/ul><h5><strong>ZUSAMMENSETZUNG<\/strong><\/h5><ul><li><span style=\"font-weight: 400\">100% Bio-Baumwolle<\/span><\/li><\/ul><h5><strong>WASCHANLEITUNG<\/strong><\/h5><ul><li>Maschinenw\u00e4sche<\/li><\/ul><h5><strong>WEARING<\/strong><\/h5><ul><li style=\"font-weight: 400\"><span style=\"font-weight: 400\">Das Model ist 189 m gro\u00df und tr\u00e4gt Gr\u00f6\u00dfe L.<\/span><\/li><li style=\"font-weight: 400\"><span style=\"font-weight: 400\">Gewicht des Modells 70 kg<\/span><\/li><\/ul><\/div><div id=\"jet-tabs-content-4492\" class=\"jet-tabs__content\" data-tab=\"2\" role=\"tabpanel\" aria-hidden=\"true\" data-template-id=\"false\"><h5><strong>MODELLMESSUNGEN<\/strong><\/h5><ul><li><span style=\"font-weight: 400\">H\u00f6he: 189<\/span><\/li><li><span style=\"font-weight: 400\">Brustkorb: 91<\/span><\/li><li><span style=\"font-weight: 400\">Taille: 74<\/span><\/li><\/ul><p><span style=\"font-weight: 400\">Das Model ist 189 m gro\u00df und tr\u00e4gt Gr\u00f6\u00dfe +33.<\/span><\/p><h5><strong>PRODUKTABMESSUNGEN<\/strong><\/h5><ul><li><span style=\"font-weight: 400\">L\u00e4nge: 68 cm<\/span><\/li><li><span style=\"font-weight: 400\">Brust 1\/2: 60 cm<\/span><\/li><li><span style=\"font-weight: 400\">Schulter: 57 cm<\/span><\/li><li><span style=\"font-weight: 400\">\u00c4rmell\u00e4nge: 65 cm<\/span><\/li><li><span style=\"font-weight: 400\">Taille: 60 cm<\/span><\/li><\/ul><\/div>\t\t\t<\/div>\n\t\t<\/div>\n\t\t\t\t<\/div>\n\t\t\t\t<\/div>\n\t\t\t\t<div class=\"elementor-element elementor-element-d6560cf elementor-hidden-desktop elementor-hidden-tablet elementor-hidden-mobile elementor-widget elementor-widget-heading\" data-id=\"d6560cf\" data-element_type=\"widget\" data-widget_type=\"heading.default\">\n\t\t\t\t<div class=\"elementor-widget-container\">\n\t\t\t<style>\/*! elementor - v3.23.0 - 25-07-2024 *\/\n.elementor-heading-title{padding:0;margin:0;line-height:1}.elementor-widget-heading .elementor-heading-title[class*=elementor-size-]>a{color:inherit;font-size:inherit;line-height:inherit}.elementor-widget-heading .elementor-heading-title.elementor-size-small{font-size:15px}.elementor-widget-heading .elementor-heading-title.elementor-size-medium{font-size:19px}.elementor-widget-heading .elementor-heading-title.elementor-size-large{font-size:29px}.elementor-widget-heading .elementor-heading-title.elementor-size-xl{font-size:39px}.elementor-widget-heading .elementor-heading-title.elementor-size-xxl{font-size:59px}<\/style><h4 class=\"elementor-heading-title elementor-size-default\">L\u00e4nder, die dieses exklusive St\u00fcck bereits besitzen<\/h4>\t\t<\/div>\n\t\t\t\t<\/div>\n\t\t\t\t<div class=\"elementor-element elementor-element-768031b elementor-hidden-desktop elementor-hidden-tablet elementor-hidden-mobile elementor-widget elementor-widget-osm-map-elementor\" data-id=\"768031b\" data-element_type=\"widget\" data-widget_type=\"osm-map-elementor.default\">\n\t\t\t\t<div class=\"elementor-widget-container\">\n\t\t\t<div id=\"osm-map-768031b\" \n        class=\"osm-map-container\" \n        data-center=\"43.943968942567,-3.886741365721\"><\/div>        <script type=\"text\/javascript\">\n                    <\/script>\n        \t\t<\/div>\n\t\t\t\t<\/div>\n\t\t\t\t\t<\/div>\n\t\t<\/div>\n\t\t\t\t\t<\/div>\n\t\t<\/section>\n\t\t\t\t<\/div>","protected":false},"excerpt":{"rendered":"<p>Diese auff\u00e4llige Denim-Hose hat einen urbanen Look mit einem orangefarbenen All-Over-Print als Kontrast, der das Gef\u00fchl von \"Linien der Freiheit\" vermittelt, was bedeutet, dass sie<span class=\"Apple-converted-space\">\u00a0 <\/span>gibt dem Vision\u00e4r das Gef\u00fchl von Freiheit, w\u00e4hrend er das 3 m lange, nicht enth\u00fcllte Design erkundet.<span class=\"Apple-converted-space\">\u00a0<\/span><\/p>\n<p>Die aus reiner Baumwolle gefertigte Hose hat zwei abgerundete Seitentaschen und zwei aufgesetzte Ges\u00e4\u00dftaschen.<\/p>","protected":false},"featured_media":13675,"comment_status":"closed","ping_status":"closed","template":"","meta":[],"product_cat":[120,176,147],"product_tag":[189,107,187,188],"class_list":{"0":"post-13673","1":"product","2":"type-product","3":"status-publish","4":"has-post-thumbnail","6":"product_cat-denim","7":"product_cat-menswear","8":"product_cat-trousers","9":"product_tag-all-over-print","10":"product_tag-jacket","11":"product_tag-line-print","12":"product_tag-twill-jacket","13":"pa_color-ecru","14":"pa_color-orange","15":"pa_size-33-long-length","16":"pa_size-34-long-length","17":"pa_size-36-long-length","18":"pa_size-191","19":"pa_size-192","20":"pa_size-193","21":"pa_size-195","22":"pa_size-197","23":"pa_size-199","25":"first","26":"instock","27":"taxable","28":"shipping-taxable","29":"purchasable","30":"product-type-variable"},"_links":{"self":[{"href":"https:\/\/victormudhe.com\/de\/wp-json\/wp\/v2\/product\/13673","targetHints":{"allow":["GET"]}}],"collection":[{"href":"https:\/\/victormudhe.com\/de\/wp-json\/wp\/v2\/product"}],"about":[{"href":"https:\/\/victormudhe.com\/de\/wp-json\/wp\/v2\/types\/product"}],"replies":[{"embeddable":true,"href":"https:\/\/victormudhe.com\/de\/wp-json\/wp\/v2\/comments?post=13673"}],"version-history":[{"count":7,"href":"https:\/\/victormudhe.com\/de\/wp-json\/wp\/v2\/product\/13673\/revisions"}],"predecessor-version":[{"id":14221,"href":"https:\/\/victormudhe.com\/de\/wp-json\/wp\/v2\/product\/13673\/revisions\/14221"}],"wp:featuredmedia":[{"embeddable":true,"href":"https:\/\/victormudhe.com\/de\/wp-json\/wp\/v2\/media\/13675"}],"wp:attachment":[{"href":"https:\/\/victormudhe.com\/de\/wp-json\/wp\/v2\/media?parent=13673"}],"wp:term":[{"taxonomy":"product_cat","embeddable":true,"href":"https:\/\/victormudhe.com\/de\/wp-json\/wp\/v2\/product_cat?post=13673"},{"taxonomy":"product_tag","embeddable":true,"href":"https:\/\/victormudhe.com\/de\/wp-json\/wp\/v2\/product_tag?post=13673"}],"curies":[{"name":"wp","href":"https:\/\/api.w.org\/{rel}","templated":true}]}}