{"id":13732,"date":"2023-02-01T13:59:04","date_gmt":"2023-02-01T13:59:04","guid":{"rendered":"https:\/\/victormudhe.com\/?post_type=product&#038;p=13732"},"modified":"2024-01-24T12:14:56","modified_gmt":"2024-01-24T12:14:56","slug":"offense-suit-blazer-black","status":"publish","type":"product","link":"https:\/\/victormudhe.com\/de\/shop\/blazer\/offensiv-anzug-blazer-schwarz\/","title":{"rendered":"OFFENSIVANZUG BLAZER-SCHWARZ"},"content":{"rendered":"<div data-elementor-type=\"wp-post\" data-elementor-id=\"13732\" class=\"elementor elementor-13732\" data-elementor-post-type=\"product\">\n\t\t\t\t\t\t<section class=\"elementor-section elementor-top-section elementor-element elementor-element-40809d1 elementor-section-boxed elementor-section-height-default elementor-section-height-default\" data-id=\"40809d1\" data-element_type=\"section\" data-settings=\"{&quot;jet_parallax_layout_list&quot;:[],&quot;background_background&quot;:&quot;classic&quot;}\">\n\t\t\t\t\t\t\t<div class=\"elementor-background-overlay\"><\/div>\n\t\t\t\t\t\t\t<div class=\"elementor-container elementor-column-gap-default\">\n\t\t\t\t\t<div class=\"elementor-column elementor-col-100 elementor-top-column elementor-element elementor-element-2b6246c\" data-id=\"2b6246c\" data-element_type=\"column\">\n\t\t\t<div class=\"elementor-widget-wrap elementor-element-populated\">\n\t\t\t\t\t\t<div class=\"elementor-element elementor-element-2ae0c98 elementor-widget elementor-widget-jet-tabs\" data-id=\"2ae0c98\" data-element_type=\"widget\" data-settings=\"{&quot;tabs_position&quot;:&quot;top&quot;,&quot;no_active_tabs&quot;:&quot;false&quot;}\" data-widget_type=\"jet-tabs.default\">\n\t\t\t\t<div class=\"elementor-widget-container\">\n\t\t\t\n\t\t<div class=\"jet-tabs jet-tabs-position-top jet-tabs-move-up-effect\" data-settings=\"{&quot;activeIndex&quot;:0,&quot;event&quot;:&quot;click&quot;,&quot;autoSwitch&quot;:false,&quot;autoSwitchDelay&quot;:3000,&quot;ajaxTemplate&quot;:false,&quot;tabsPosition&quot;:&quot;top&quot;,&quot;switchScrolling&quot;:false,&quot;switchScrollingOffset&quot;:0}\">\n\t\t\t<div class=\"jet-tabs__control-wrapper\" \trole=\"tablist\">\n\t\t\t\t<div id=\"jet-tabs-control-4491\" class=\"jet-tabs__control jet-tabs__control-icon-left elementor-menu-anchor active-tab\" data-tab=\"1\" tabindex=\"0\" role=\"tab\" aria-controls=\"jet-tabs-content-4491\" aria-expanded=\"true\" data-template-id=\"false\"><div class=\"jet-tabs__control-inner\"><div class=\"jet-tabs__label-text\">DIE DETAILS<\/div><\/div><\/div><div id=\"jet-tabs-control-4492\" class=\"jet-tabs__control jet-tabs__control-icon-left elementor-menu-anchor\" data-tab=\"2\" tabindex=\"0\" role=\"tab\" aria-controls=\"jet-tabs-content-4492\" aria-expanded=\"false\" data-template-id=\"false\"><div class=\"jet-tabs__control-inner\"><div class=\"jet-tabs__label-text\">GR\u00d6SSE &amp; PASSFORM<\/div><\/div><\/div><div id=\"jet-tabs-control-4493\" class=\"jet-tabs__control jet-tabs__control-icon-left elementor-menu-anchor\" data-tab=\"3\" tabindex=\"0\" role=\"tab\" aria-controls=\"jet-tabs-content-4493\" aria-expanded=\"false\" data-template-id=\"false\"><div class=\"jet-tabs__control-inner\"><div class=\"jet-tabs__label-text\">LIEFERUNG UND R\u00dcCKGABE<\/div><\/div><\/div>\t\t\t<\/div>\n\t\t\t<div class=\"jet-tabs__content-wrapper\">\n\t\t\t\t<div id=\"jet-tabs-content-4491\" class=\"jet-tabs__content active-content\" data-tab=\"1\" role=\"tabpanel\" aria-hidden=\"false\" data-template-id=\"false\"><h6><strong>Hergestellt in Portugal<\/strong><\/h6><h4>HIGHLIGHTS<\/h4><ul><li style=\"font-weight: 400\"><span style=\"font-weight: 400\">schwarz<\/span><\/li><li style=\"font-weight: 400\"><span style=\"font-weight: 400\">Brustleistentasche<\/span><\/li><li style=\"font-weight: 400\"><span style=\"font-weight: 400\">doppelreihiger Knopfverschluss<\/span><\/li><li style=\"font-weight: 400\"><span style=\"font-weight: 400\">lange \u00c4rmel<\/span><\/li><li style=\"font-weight: 400\"><span style=\"font-weight: 400\">zwei Pattentaschen vorne<\/span><\/li><\/ul><h4>ZUSAMMENSETZUNG:<\/h4><ul><li><span style=\"font-weight: 400\">66% Polyester + 28% Viskose + 6% Elastan<\/span><\/li><\/ul><h4>WASCHANLEITUNG:<\/h4><ul><li>Maschinenw\u00e4sche<\/li><\/ul><h4>TR\u00c4GT:<\/h4><ul><li style=\"font-weight: 400\"><span style=\"font-weight: 400\">Das Model ist 189 m gro\u00df und tr\u00e4gt Gr\u00f6\u00dfe L.<\/span><\/li><li style=\"font-weight: 400\"><span style=\"font-weight: 400\">Gewicht des Modells 70 kg<\/span><\/li><\/ul><\/div><div id=\"jet-tabs-content-4492\" class=\"jet-tabs__content\" data-tab=\"2\" role=\"tabpanel\" aria-hidden=\"true\" data-template-id=\"false\"><h4>Ma\u00dfe des Modells:<\/h4><ul><li><span style=\"font-weight: 400\">H\u00f6he: 189 cm<\/span><\/li><li><span style=\"font-weight: 400\">Brustumfang: 91 cm<\/span><\/li><li><span style=\"font-weight: 400\">Taille: 74 cm\u00a0<\/span><\/li><\/ul><p><span style=\"font-weight: 400\">Das Model ist 189 m gro\u00df und tr\u00e4gt Gr\u00f6\u00dfe L.<\/span><\/p><h4>Produktabmessungen:<\/h4><ul><li style=\"font-weight: 400\"><span style=\"font-weight: 400\">L\u00e4nge:74 cm<\/span><\/li><li style=\"font-weight: 400\"><span style=\"font-weight: 400\">Brustumfang 1\/2: 59 cm<\/span><\/li><li style=\"font-weight: 400\"><span style=\"font-weight: 400\">Schulterspitze bis Spitze: 52 cm<\/span><\/li><li style=\"font-weight: 400\"><span style=\"font-weight: 400\">\u00c4rmell\u00e4nge: 64 cm<\/span><\/li><li style=\"font-weight: 400\"><span style=\"font-weight: 400\">Taille: 56 cm<\/span><\/li><\/ul><\/div><div id=\"jet-tabs-content-4493\" class=\"jet-tabs__content\" data-tab=\"3\" role=\"tabpanel\" aria-hidden=\"true\" data-template-id=\"false\"><div class=\"ltr-182wjbq e2xvq5z2\"><div class=\"ltr-jeopbd\"><div class=\"ltr-r7lr81 e10aysui0\"><h4 class=\"ltr-1e7bs0a-Body-BodyBold e1xaa20t0\">Wir halten Ihnen den R\u00fccken frei<\/h4><div data-flat-content=\"FF3:ITEM:WEGOTYOURBACK\"><ul><li>Eine Liefergeb\u00fchr f\u00fcr die meisten Orte (siehe unsere Seite Bestellungen &amp; Lieferung)<\/li><li>Kostenlose R\u00fccksendung innerhalb von 14 Tagen (ausgenommen Schlussverkauf, Sonderanfertigungen, Gesichtsmasken und bestimmte Sch\u00f6nheitsprodukte, die gef\u00e4hrliche oder entflammbare Stoffe enthalten, wie Duftstoffe und Aerosole)<\/li><li>Alle unsere Lieferungen sind klimabewusst<\/li><\/ul><\/div><\/div><div><h4 class=\"ltr-1e7bs0a-Body-BodyBold e1xaa20t0\">Informationen zu den Einfuhrz\u00f6llen<\/h4><div data-flat-content=\"FF3:ITEM:IMPORTDUTIES\"><p>\u00dcberlassen Sie uns die Laufarbeit.<\/p><p>Beim Versand in alle EU-L\u00e4nder (mit Ausnahme der Kanarischen Inseln) sowie in das Vereinigte K\u00f6nigreich, die USA, Kanada, das chinesische Festland, Australien, Neuseeland, Puerto Rico, die Schweiz, Singapur, die Republik Korea, Kuwait, Mexiko, Katar, Indien, Norwegen, Saudi-Arabien, die Region Taiwan, Thailand, die Vereinigten Arabischen Emirate, Japan, Brasilien, die Isle of Man, San Marino, Kolumbien, Chile, Argentinien, \u00c4gypten, den Libanon, Hongkong SAR und Bahrain sind die Einfuhrabgaben im Artikelpreis enthalten. Alle Einfuhrz\u00f6lle sind in Ihrer Bestellung enthalten - der Preis, den Sie sehen, ist der Preis, den Sie zahlen.<\/p><\/div><\/div><\/div><\/div><div class=\"ltr-15eja7h e2xvq5z1\"><div class=\"ltr-jeopbd\"><div><h4 class=\"ltr-1e7bs0a-Body-BodyBold e1xaa20t0\">Voraussichtliche Lieferung<\/h4><div><p class=\"ltr-4y8w0i-Body e1s5vycj0\">Standard: 5 Tage\u00a0<\/p><p class=\"ltr-4y8w0i-Body e1s5vycj0\">Express: 3 Tage<\/p><\/div><\/div><div class=\"ltr-zjik7 e1va66bv0\"><p class=\"ltr-4y8w0i-Body e1s5vycj0\">Versenden von unserem Marktplatzverk\u00e4ufer in Polen<\/p><\/div><\/div><\/div><div class=\"ltr-1sg68be e2xvq5z0\"><div class=\"ltr-jeopbd\"><div><h4 class=\"ltr-1e7bs0a-Body-BodyBold e1xaa20t0\">Ben\u00f6tigen Sie weitere Informationen?<\/h4><ul class=\"ltr-1tp1224 e1r3xsk40\"><li><a class=\"ltr-1kby4wd-Body e1w8i7z30\" href=\"https:\/\/www.farfetch.com\/pt\/orders-and-shipping\" target=\"_blank\" rel=\"noopener\">Bestellungen &amp; Lieferung<\/a><\/li><li><a class=\"ltr-1kby4wd-Body e1w8i7z30\" href=\"https:\/\/www.farfetch.com\/pt\/returns-and-refunds\" target=\"_blank\" rel=\"noopener\">R\u00fccksendungen und Erstattungen<\/a><\/li><li><a class=\"ltr-1kby4wd-Body e1w8i7z30\" href=\"https:\/\/www.farfetch.com\/pt\/faqs\" target=\"_blank\" rel=\"noopener\">Z\u00f6lle und Steuern<\/a><\/li><li><a class=\"ltr-1kby4wd-Body e1w8i7z30\" href=\"https:\/\/www.farfetch.com\/pt\/stories\/climateconsciousdelivery.aspx\" target=\"_blank\" rel=\"noopener\">Klimabewusste Lieferung<\/a><\/li><\/ul><\/div><\/div><\/div><\/div>\t\t\t<\/div>\n\t\t<\/div>\n\t\t\t\t<\/div>\n\t\t\t\t<\/div>\n\t\t\t\t<div class=\"elementor-element elementor-element-d6560cf elementor-widget elementor-widget-heading\" data-id=\"d6560cf\" data-element_type=\"widget\" data-widget_type=\"heading.default\">\n\t\t\t\t<div class=\"elementor-widget-container\">\n\t\t\t<style>\/*! elementor - v3.23.0 - 25-07-2024 *\/\n.elementor-heading-title{padding:0;margin:0;line-height:1}.elementor-widget-heading .elementor-heading-title[class*=elementor-size-]>a{color:inherit;font-size:inherit;line-height:inherit}.elementor-widget-heading .elementor-heading-title.elementor-size-small{font-size:15px}.elementor-widget-heading .elementor-heading-title.elementor-size-medium{font-size:19px}.elementor-widget-heading .elementor-heading-title.elementor-size-large{font-size:29px}.elementor-widget-heading .elementor-heading-title.elementor-size-xl{font-size:39px}.elementor-widget-heading .elementor-heading-title.elementor-size-xxl{font-size:59px}<\/style><h4 class=\"elementor-heading-title elementor-size-default\">L\u00e4nder, die dieses exklusive St\u00fcck bereits besitzen<\/h4>\t\t<\/div>\n\t\t\t\t<\/div>\n\t\t\t\t<div class=\"elementor-element elementor-element-768031b elementor-widget elementor-widget-osm-map-elementor\" data-id=\"768031b\" data-element_type=\"widget\" data-widget_type=\"osm-map-elementor.default\">\n\t\t\t\t<div class=\"elementor-widget-container\">\n\t\t\t<div id=\"osm-map-768031b\" \n        class=\"osm-map-container\" \n        data-center=\"\"><\/div>        <script type=\"text\/javascript\">\n                    <\/script>\n        \t\t<\/div>\n\t\t\t\t<\/div>\n\t\t\t\t\t<\/div>\n\t\t<\/div>\n\t\t\t\t\t<\/div>\n\t\t<\/section>\n\t\t\t\t<\/div>","protected":false},"excerpt":{"rendered":"<p>Dieses imposante St\u00fcck hat zus\u00e4tzliche Schultern, die strukturiert sind.<span class=\"Apple-converted-space\">\u00a0<\/span>Dieser schwarze Vollblazer mit Brustleistentaschen und 300 g erm\u00f6glicht freie Bewegung.<span class=\"Apple-converted-space\">\u00a0<\/span>Tailliert geschnittener Smoking mit geteiltem Handgelenk.<span class=\"Apple-converted-space\">\u00a0<\/span><\/p>\n<p>Zu den Details dieses Kleidungsst\u00fccks geh\u00f6ren ein farbenfroher Mamba-Druck auf der Innenseite und ein personalisiertes Victor Mudhe-Label an der Seite.<\/p>","protected":false},"featured_media":13734,"comment_status":"closed","ping_status":"closed","template":"","meta":[],"product_cat":[83,176,114],"product_tag":[108,107],"class_list":{"0":"post-13732","1":"product","2":"type-product","3":"status-publish","4":"has-post-thumbnail","6":"product_cat-blazers","7":"product_cat-menswear","8":"product_cat-suit","9":"product_tag-check","10":"product_tag-jacket","11":"pa_color-black","12":"pa_size-s","13":"pa_size-m","14":"pa_size-l","15":"pa_size-xl","16":"pa_size-xxl","18":"first","19":"instock","20":"taxable","21":"shipping-taxable","22":"purchasable","23":"product-type-variable"},"_links":{"self":[{"href":"https:\/\/victormudhe.com\/de\/wp-json\/wp\/v2\/product\/13732","targetHints":{"allow":["GET"]}}],"collection":[{"href":"https:\/\/victormudhe.com\/de\/wp-json\/wp\/v2\/product"}],"about":[{"href":"https:\/\/victormudhe.com\/de\/wp-json\/wp\/v2\/types\/product"}],"replies":[{"embeddable":true,"href":"https:\/\/victormudhe.com\/de\/wp-json\/wp\/v2\/comments?post=13732"}],"version-history":[{"count":12,"href":"https:\/\/victormudhe.com\/de\/wp-json\/wp\/v2\/product\/13732\/revisions"}],"predecessor-version":[{"id":14215,"href":"https:\/\/victormudhe.com\/de\/wp-json\/wp\/v2\/product\/13732\/revisions\/14215"}],"wp:featuredmedia":[{"embeddable":true,"href":"https:\/\/victormudhe.com\/de\/wp-json\/wp\/v2\/media\/13734"}],"wp:attachment":[{"href":"https:\/\/victormudhe.com\/de\/wp-json\/wp\/v2\/media?parent=13732"}],"wp:term":[{"taxonomy":"product_cat","embeddable":true,"href":"https:\/\/victormudhe.com\/de\/wp-json\/wp\/v2\/product_cat?post=13732"},{"taxonomy":"product_tag","embeddable":true,"href":"https:\/\/victormudhe.com\/de\/wp-json\/wp\/v2\/product_tag?post=13732"}],"curies":[{"name":"wp","href":"https:\/\/api.w.org\/{rel}","templated":true}]}}