{"id":13802,"date":"2023-02-01T16:33:26","date_gmt":"2023-02-01T16:33:26","guid":{"rendered":"https:\/\/victormudhe.com\/?post_type=product&#038;p=13802"},"modified":"2023-10-11T11:32:13","modified_gmt":"2023-10-11T11:32:13","slug":"hang-double-breasted-coat-olive","status":"publish","type":"product","link":"https:\/\/victormudhe.com\/de\/shop\/begrenzt\/hang-double-breasted-coat-olive\/","title":{"rendered":"H\u00c4NGER ZWEIREIHER - OLIV"},"content":{"rendered":"<div data-elementor-type=\"wp-post\" data-elementor-id=\"13802\" class=\"elementor elementor-13802\" data-elementor-post-type=\"product\">\n\t\t\t\t\t\t<section class=\"elementor-section elementor-top-section elementor-element elementor-element-40809d1 elementor-section-boxed elementor-section-height-default elementor-section-height-default\" data-id=\"40809d1\" data-element_type=\"section\" data-settings=\"{&quot;jet_parallax_layout_list&quot;:[],&quot;background_background&quot;:&quot;classic&quot;}\">\n\t\t\t\t\t\t\t<div class=\"elementor-background-overlay\"><\/div>\n\t\t\t\t\t\t\t<div class=\"elementor-container elementor-column-gap-default\">\n\t\t\t\t\t<div class=\"elementor-column elementor-col-100 elementor-top-column elementor-element elementor-element-2b6246c\" data-id=\"2b6246c\" data-element_type=\"column\">\n\t\t\t<div class=\"elementor-widget-wrap elementor-element-populated\">\n\t\t\t\t\t\t<div class=\"elementor-element elementor-element-2ae0c98 elementor-widget elementor-widget-jet-tabs\" data-id=\"2ae0c98\" data-element_type=\"widget\" data-settings=\"{&quot;tabs_position&quot;:&quot;top&quot;,&quot;no_active_tabs&quot;:&quot;false&quot;}\" data-widget_type=\"jet-tabs.default\">\n\t\t\t\t<div class=\"elementor-widget-container\">\n\t\t\t\n\t\t<div class=\"jet-tabs jet-tabs-position-top jet-tabs-move-up-effect\" data-settings=\"{&quot;activeIndex&quot;:0,&quot;event&quot;:&quot;click&quot;,&quot;autoSwitch&quot;:false,&quot;autoSwitchDelay&quot;:3000,&quot;ajaxTemplate&quot;:false,&quot;tabsPosition&quot;:&quot;top&quot;,&quot;switchScrolling&quot;:false,&quot;switchScrollingOffset&quot;:0}\">\n\t\t\t<div class=\"jet-tabs__control-wrapper\" \trole=\"tablist\">\n\t\t\t\t<div id=\"jet-tabs-control-4491\" class=\"jet-tabs__control jet-tabs__control-icon-left elementor-menu-anchor active-tab\" data-tab=\"1\" tabindex=\"0\" role=\"tab\" aria-controls=\"jet-tabs-content-4491\" aria-expanded=\"true\" data-template-id=\"false\"><div class=\"jet-tabs__control-inner\"><div class=\"jet-tabs__label-text\">DIE DETAILS<\/div><\/div><\/div><div id=\"jet-tabs-control-4492\" class=\"jet-tabs__control jet-tabs__control-icon-left elementor-menu-anchor\" data-tab=\"2\" tabindex=\"0\" role=\"tab\" aria-controls=\"jet-tabs-content-4492\" aria-expanded=\"false\" data-template-id=\"false\"><div class=\"jet-tabs__control-inner\"><div class=\"jet-tabs__label-text\">GR\u00d6SSE &amp; PASSFORM<\/div><\/div><\/div>\t\t\t<\/div>\n\t\t\t<div class=\"jet-tabs__content-wrapper\">\n\t\t\t\t<div id=\"jet-tabs-content-4491\" class=\"jet-tabs__content active-content\" data-tab=\"1\" role=\"tabpanel\" aria-hidden=\"false\" data-template-id=\"false\"><h6><strong>Hergestellt in Portugal<\/strong><\/h6><h5><strong>HIGHLIGHTS<\/strong><\/h5><ul><li style=\"font-weight: 400\"><span style=\"font-weight: 400\">Olive\/Armeegr\u00fcn<\/span><\/li><li style=\"font-weight: 400\"><span style=\"font-weight: 400\">Schafwolle - Burel-Gewebe<\/span><\/li><li style=\"font-weight: 400\"><span style=\"font-weight: 400\">Lange \u00c4rmel<\/span><\/li><li style=\"font-weight: 400\"><span style=\"font-weight: 400\">Zweireihiger Knopfverschluss<\/span><\/li><li style=\"font-weight: 400\"><span style=\"font-weight: 400\">Leistentasche auf der Brust<\/span><\/li><li style=\"font-weight: 400\"><span style=\"font-weight: 400\">Zwei Pattentaschen vorne<\/span><\/li><li style=\"font-weight: 400\"><span style=\"font-weight: 400\">Schlank\/Gerade<\/span><\/li><\/ul><h5><strong>ZUSAMMENSETZUNG<\/strong><\/h5><ul><li><span style=\"font-weight: 400\">Obermaterial:100% Schafwolle<\/span><\/li><li><span style=\"font-weight: 400\">Auskleidung: 100% PES<\/span><\/li><\/ul><h5><strong>WASCHANLEITUNG<\/strong><\/h5><ul><li><p><span style=\"font-weight: 400\">H\u00e4ndewaschen<\/span><\/p><\/li><\/ul><h5><strong>WEARING<\/strong><\/h5><ul><li style=\"font-weight: 400\"><span style=\"font-weight: 400\">Das Model ist 189 m und tr\u00e4gt Gr\u00f6\u00dfe<\/span> <span style=\"font-weight: 400\">L.<\/span><\/li><li style=\"font-weight: 400\"><span style=\"font-weight: 400\">Gewicht des Modells 76 kg<\/span><\/li><\/ul><\/div><div id=\"jet-tabs-content-4492\" class=\"jet-tabs__content\" data-tab=\"2\" role=\"tabpanel\" aria-hidden=\"true\" data-template-id=\"false\"><h5><strong>MODELLMESSUNGEN<\/strong><\/h5><ul><li><span style=\"font-weight: 400\">H\u00f6he: 189 cm<\/span><\/li><li><span style=\"font-weight: 400\">Brustumfang: 91 cm<\/span><\/li><li><span style=\"font-weight: 400\">Taille: 73 cm<\/span><\/li><\/ul><p><span style=\"font-weight: 400\">Das Model ist 189 m gro\u00df und tr\u00e4gt Gr\u00f6\u00dfe L<\/span><\/p><h5><strong>PRODUKTABMESSUNGEN<\/strong><\/h5><ul><li><span style=\"font-weight: 400\">L\u00e4nge: 1,25 m<\/span><\/li><li><span style=\"font-weight: 400\">Brust 1\/2: 54 cm<\/span><\/li><li><span style=\"font-weight: 400\">Schulter: 48 cm<\/span><\/li><li><span style=\"font-weight: 400\">\u00c4rmell\u00e4nge: 70 cm<\/span><\/li><\/ul><\/div>\t\t\t<\/div>\n\t\t<\/div>\n\t\t\t\t<\/div>\n\t\t\t\t<\/div>\n\t\t\t\t<div class=\"elementor-element elementor-element-d6560cf elementor-widget elementor-widget-heading\" data-id=\"d6560cf\" data-element_type=\"widget\" data-widget_type=\"heading.default\">\n\t\t\t\t<div class=\"elementor-widget-container\">\n\t\t\t<style>\/*! elementor - v3.23.0 - 25-07-2024 *\/\n.elementor-heading-title{padding:0;margin:0;line-height:1}.elementor-widget-heading .elementor-heading-title[class*=elementor-size-]>a{color:inherit;font-size:inherit;line-height:inherit}.elementor-widget-heading .elementor-heading-title.elementor-size-small{font-size:15px}.elementor-widget-heading .elementor-heading-title.elementor-size-medium{font-size:19px}.elementor-widget-heading .elementor-heading-title.elementor-size-large{font-size:29px}.elementor-widget-heading .elementor-heading-title.elementor-size-xl{font-size:39px}.elementor-widget-heading .elementor-heading-title.elementor-size-xxl{font-size:59px}<\/style><h4 class=\"elementor-heading-title elementor-size-default\">L\u00e4nder, die dieses exklusive St\u00fcck bereits besitzen<\/h4>\t\t<\/div>\n\t\t\t\t<\/div>\n\t\t\t\t<div class=\"elementor-element elementor-element-768031b elementor-widget elementor-widget-osm-map-elementor\" data-id=\"768031b\" data-element_type=\"widget\" data-widget_type=\"osm-map-elementor.default\">\n\t\t\t\t<div class=\"elementor-widget-container\">\n\t\t\t<div id=\"osm-map-768031b\" \n        class=\"osm-map-container\" \n        data-center=\"\"><\/div>        <script type=\"text\/javascript\">\n                    <\/script>\n        \t\t<\/div>\n\t\t\t\t<\/div>\n\t\t\t\t\t<\/div>\n\t\t<\/div>\n\t\t\t\t\t<\/div>\n\t\t<\/section>\n\t\t\t\t<\/div>","protected":false},"excerpt":{"rendered":"<p>Burel, ein handwerklich hergestellter Stoff aus dem Jahr 1925, ist eine Mischung aus Detail und Handarbeit,<span class=\"Apple-converted-space\">\u00a0 <\/span>um einen immerw\u00e4hrenden thermischen Komfort zu bieten. Der doppelreihige Mantel Mudhe, handgefertigt in Portugal von einem Eliteschneider.<\/p>","protected":false},"featured_media":13791,"comment_status":"closed","ping_status":"closed","template":"","meta":[],"product_cat":[119,90,176],"product_tag":[215,214,213],"class_list":{"0":"post-13802","1":"product","2":"type-product","3":"status-publish","4":"has-post-thumbnail","6":"product_cat-coat","7":"product_cat-limitedition","8":"product_cat-menswear","9":"product_tag-burel","10":"product_tag-coat","11":"product_tag-double-breasted-coat","12":"pa_color-army-green","13":"pa_color-green","14":"pa_color-olive","15":"pa_size-s","16":"pa_size-m","17":"pa_size-l","18":"pa_size-xl","19":"pa_size-xxl","21":"first","22":"instock","23":"taxable","24":"shipping-taxable","25":"purchasable","26":"product-type-variable"},"_links":{"self":[{"href":"https:\/\/victormudhe.com\/de\/wp-json\/wp\/v2\/product\/13802","targetHints":{"allow":["GET"]}}],"collection":[{"href":"https:\/\/victormudhe.com\/de\/wp-json\/wp\/v2\/product"}],"about":[{"href":"https:\/\/victormudhe.com\/de\/wp-json\/wp\/v2\/types\/product"}],"replies":[{"embeddable":true,"href":"https:\/\/victormudhe.com\/de\/wp-json\/wp\/v2\/comments?post=13802"}],"version-history":[{"count":24,"href":"https:\/\/victormudhe.com\/de\/wp-json\/wp\/v2\/product\/13802\/revisions"}],"predecessor-version":[{"id":14219,"href":"https:\/\/victormudhe.com\/de\/wp-json\/wp\/v2\/product\/13802\/revisions\/14219"}],"wp:featuredmedia":[{"embeddable":true,"href":"https:\/\/victormudhe.com\/de\/wp-json\/wp\/v2\/media\/13791"}],"wp:attachment":[{"href":"https:\/\/victormudhe.com\/de\/wp-json\/wp\/v2\/media?parent=13802"}],"wp:term":[{"taxonomy":"product_cat","embeddable":true,"href":"https:\/\/victormudhe.com\/de\/wp-json\/wp\/v2\/product_cat?post=13802"},{"taxonomy":"product_tag","embeddable":true,"href":"https:\/\/victormudhe.com\/de\/wp-json\/wp\/v2\/product_tag?post=13802"}],"curies":[{"name":"wp","href":"https:\/\/api.w.org\/{rel}","templated":true}]}}