{"id":10627,"date":"2022-11-15T09:01:29","date_gmt":"2022-11-15T09:01:29","guid":{"rendered":"https:\/\/ld-wp73.template-help.com\/woostroid2\/default\/?page_id=10627"},"modified":"2023-01-20T12:58:38","modified_gmt":"2023-01-20T12:58:38","slug":"refund_returns","status":"publish","type":"page","link":"https:\/\/victormudhe.com\/es\/devoluciones_devolucion\/","title":{"rendered":"Pol\u00edtica de devoluciones y reembolsos"},"content":{"rendered":"<div data-elementor-type=\"wp-page\" data-elementor-id=\"10627\" class=\"elementor elementor-10627\" data-elementor-post-type=\"page\">\n\t\t\t\t\t\t<section class=\"elementor-section elementor-top-section elementor-element elementor-element-78eb78de elementor-section-boxed elementor-section-height-default elementor-section-height-default\" data-id=\"78eb78de\" data-element_type=\"section\" data-settings=\"{&quot;jet_parallax_layout_list&quot;:[]}\">\n\t\t\t\t\t\t<div class=\"elementor-container elementor-column-gap-default\">\n\t\t\t\t\t<div class=\"elementor-column elementor-col-100 elementor-top-column elementor-element elementor-element-23040252\" data-id=\"23040252\" data-element_type=\"column\">\n\t\t\t<div class=\"elementor-widget-wrap elementor-element-populated\">\n\t\t\t\t\t\t<div class=\"elementor-element elementor-element-63c3f479 elementor-widget elementor-widget-text-editor\" data-id=\"63c3f479\" data-element_type=\"widget\" data-widget_type=\"text-editor.default\">\n\t\t\t\t<div class=\"elementor-widget-container\">\n\t\t\t<style>\/*! elementor - v3.23.0 - 25-07-2024 *\/\n.elementor-widget-text-editor.elementor-drop-cap-view-stacked .elementor-drop-cap{background-color:#69727d;color:#fff}.elementor-widget-text-editor.elementor-drop-cap-view-framed .elementor-drop-cap{color:#69727d;border:3px solid;background-color:transparent}.elementor-widget-text-editor:not(.elementor-drop-cap-view-default) .elementor-drop-cap{margin-top:8px}.elementor-widget-text-editor:not(.elementor-drop-cap-view-default) .elementor-drop-cap-letter{width:1em;height:1em}.elementor-widget-text-editor .elementor-drop-cap{float:left;text-align:center;line-height:1;font-size:50px}.elementor-widget-text-editor .elementor-drop-cap-letter{display:inline-block}<\/style>\t\t\t\t<!-- wp:paragraph -->\n<p><b>DEVOLUCIONES\u00a0\u00a0<\/b><\/p>\n<p><span style=\"font-weight: 400;\">VICTOR MUDHE OFRECE ENV\u00cdO GRATUITO PARA LAS DEVOLUCIONES. VISITE NUESTRO SITIO WEB PARA INICIAR UNA DEVOLUCI\u00d3N O UN CAMBIO. VICTOR MUDHE ADMITE CAMBIOS Y DEVOLUCIONES EN UN PLAZO DE 14 D\u00cdAS A PARTIR DE LA FECHA DE ENTREGA DEL PEDIDO. TODOS LOS ART\u00cdCULOS DEVUELTOS DEBEN TENER TODAS LAS ETIQUETAS ORIGINALES ADHERIDAS, ESTAR SIN USAR, SIN DA\u00d1OS Y SIN LAVAR. TODA DEVOLUCI\u00d3N DEBE INCLUIR LA FACTURA ORIGINAL. EL PROCESAMIENTO DE SU DEVOLUCI\u00d3N PODR\u00cdA RETRASARSE SI NO LO HACE.\u00a0<\/span><\/p>\n<p><span style=\"font-weight: 400;\">EN FUNCI\u00d3N DE LA DISPONIBILIDAD DEL PRODUCTO, SE PODR\u00c1N REALIZAR CAMBIOS POR UNA TALLA O UN COLOR DIFERENTES DEL ESTILO ORIGINAL SOLICITADO. POR FAVOR, DEVUELVA SU ART\u00cdCULO PARA OBTENER UN REEMBOLSO Y REALICE UN NUEVO PEDIDO DEL ESTILO PREFERIDO SI DESEA CAMBIAR SU ART\u00cdCULO POR UN ESTILO DIFERENTE. VICTOR MUDHE S\u00d3LO SE HAR\u00c1 CARGO DE UN ENV\u00cdO DE CAMBIO.\u00a0<\/span><\/p>\n<p><span style=\"font-weight: 400;\">LAS DEVOLUCIONES SE PROCESAN ENTRE 3 Y 5 D\u00cdAS LABORABLES DESPU\u00c9S DE LLEGAR A NUESTRAS INSTALACIONES. ESTE PLAZO PODR\u00cdA AMPLIARSE DURANTE LOS PERIODOS DE M\u00c1XIMA ACTIVIDAD. EL IMPORTE REEMBOLSADO PUEDE TARDAR ENTRE 5 Y 10 D\u00cdAS LABORABLES EN APARECER EN SU EXTRACTO BANCARIO, DEPENDIENDO DE SU PROVEEDOR DE PAGO.\u00a0<\/span><\/p>\n<p><span style=\"font-weight: 400;\">LOS ART\u00cdCULOS LE SER\u00c1N DEVUELTOS SI VICTOR MUDHE DETERMINA QUE ALGUNO DE LOS PRODUCTOS NO SE ENCUENTRA EN SU ESTADO ORIGINAL. EN TAL CASO, NO SE CONCEDER\u00c1 NING\u00daN REEMBOLSO NI CAMBIO.\u00a0<\/span><\/p>\n<p><span style=\"font-weight: 400;\">support@victormudhe.com <\/span><span style=\"font-weight: 400;\">ES LA MEJOR MANERA DE PONERSE EN CONTACTO CON EL SERVICIO DE ATENCI\u00d3N AL CLIENTE SI TIENE ALGUNA PREGUNTA. <\/span><\/p>\n<!-- \/wp:paragraph -->\t\t\t\t\t\t<\/div>\n\t\t\t\t<\/div>\n\t\t\t\t\t<\/div>\n\t\t<\/div>\n\t\t\t\t\t<\/div>\n\t\t<\/section>\n\t\t\t\t<\/div>","protected":false},"excerpt":{"rendered":"<p>RETURNS&nbsp;&nbsp; VICTOR MUDHE PROVIDES FREE SHIPPING FOR RETURNS. PLEASE VISIT OUR WEBSITE TO START A&nbsp; RETURN OR EXCHANGE. WITHIN 14 DAYS OF THE ORDER DELIVERY DATE, VICTOR MUDHE&nbsp; CURRENTLY ALLOWS RETURNS AND EXCHANGES. ALL RETURNED ITEMS NEED TO HAVE ALL&nbsp; ORIGINAL TAGS ATTACHED, BE UNWORN, UNDAMAGED, AND UNWASHED. ANY RETURN MUST&nbsp; INCLUDE THE ORIGINAL INVOICE. [&hellip;]<\/p>","protected":false},"author":1,"featured_media":0,"parent":0,"menu_order":0,"comment_status":"closed","ping_status":"closed","template":"elementor_header_footer","meta":{"footnotes":""},"class_list":["post-10627","page","type-page","status-publish","hentry"],"_links":{"self":[{"href":"https:\/\/victormudhe.com\/es\/wp-json\/wp\/v2\/pages\/10627","targetHints":{"allow":["GET"]}}],"collection":[{"href":"https:\/\/victormudhe.com\/es\/wp-json\/wp\/v2\/pages"}],"about":[{"href":"https:\/\/victormudhe.com\/es\/wp-json\/wp\/v2\/types\/page"}],"author":[{"embeddable":true,"href":"https:\/\/victormudhe.com\/es\/wp-json\/wp\/v2\/users\/1"}],"replies":[{"embeddable":true,"href":"https:\/\/victormudhe.com\/es\/wp-json\/wp\/v2\/comments?post=10627"}],"version-history":[{"count":5,"href":"https:\/\/victormudhe.com\/es\/wp-json\/wp\/v2\/pages\/10627\/revisions"}],"predecessor-version":[{"id":12829,"href":"https:\/\/victormudhe.com\/es\/wp-json\/wp\/v2\/pages\/10627\/revisions\/12829"}],"wp:attachment":[{"href":"https:\/\/victormudhe.com\/es\/wp-json\/wp\/v2\/media?parent=10627"}],"curies":[{"name":"wp","href":"https:\/\/api.w.org\/{rel}","templated":true}]}}