{"id":11955,"date":"2022-10-29T21:09:28","date_gmt":"2022-10-29T21:09:28","guid":{"rendered":"https:\/\/victormudhe.com\/?post_type=product&#038;p=11955"},"modified":"2024-01-24T10:33:41","modified_gmt":"2024-01-24T10:33:41","slug":"pack-silk","status":"publish","type":"product","link":"https:\/\/victormudhe.com\/es\/shop\/camisas\/paquete-seda\/","title":{"rendered":"PACK CAMISA DE SEDA"},"content":{"rendered":"<div data-elementor-type=\"wp-post\" data-elementor-id=\"11955\" class=\"elementor elementor-11955\" data-elementor-post-type=\"product\">\n\t\t\t\t\t\t<section class=\"elementor-section elementor-top-section elementor-element elementor-element-40809d1 elementor-section-boxed elementor-section-height-default elementor-section-height-default\" data-id=\"40809d1\" data-element_type=\"section\" data-settings=\"{&quot;jet_parallax_layout_list&quot;:[],&quot;background_background&quot;:&quot;classic&quot;}\">\n\t\t\t\t\t\t\t<div class=\"elementor-background-overlay\"><\/div>\n\t\t\t\t\t\t\t<div class=\"elementor-container elementor-column-gap-default\">\n\t\t\t\t\t<div class=\"elementor-column elementor-col-100 elementor-top-column elementor-element elementor-element-2b6246c\" data-id=\"2b6246c\" data-element_type=\"column\">\n\t\t\t<div class=\"elementor-widget-wrap elementor-element-populated\">\n\t\t\t\t\t\t<div class=\"elementor-element elementor-element-2ae0c98 elementor-widget elementor-widget-jet-tabs\" data-id=\"2ae0c98\" data-element_type=\"widget\" data-settings=\"{&quot;tabs_position&quot;:&quot;top&quot;,&quot;no_active_tabs&quot;:&quot;false&quot;}\" data-widget_type=\"jet-tabs.default\">\n\t\t\t\t<div class=\"elementor-widget-container\">\n\t\t\t\n\t\t<div class=\"jet-tabs jet-tabs-position-top jet-tabs-move-up-effect\" data-settings=\"{&quot;activeIndex&quot;:0,&quot;event&quot;:&quot;click&quot;,&quot;autoSwitch&quot;:false,&quot;autoSwitchDelay&quot;:3000,&quot;ajaxTemplate&quot;:false,&quot;tabsPosition&quot;:&quot;top&quot;,&quot;switchScrolling&quot;:false,&quot;switchScrollingOffset&quot;:0}\">\n\t\t\t<div class=\"jet-tabs__control-wrapper\" \trole=\"tablist\">\n\t\t\t\t<div id=\"jet-tabs-control-4491\" class=\"jet-tabs__control jet-tabs__control-icon-left elementor-menu-anchor active-tab\" data-tab=\"1\" tabindex=\"0\" role=\"tab\" aria-controls=\"jet-tabs-content-4491\" aria-expanded=\"true\" data-template-id=\"false\"><div class=\"jet-tabs__control-inner\"><div class=\"jet-tabs__label-text\">DETALLES<\/div><\/div><\/div><div id=\"jet-tabs-control-4492\" class=\"jet-tabs__control jet-tabs__control-icon-left elementor-menu-anchor\" data-tab=\"2\" tabindex=\"0\" role=\"tab\" aria-controls=\"jet-tabs-content-4492\" aria-expanded=\"false\" data-template-id=\"false\"><div class=\"jet-tabs__control-inner\"><div class=\"jet-tabs__label-text\">TALLA Y AJUSTE<\/div><\/div><\/div>\t\t\t<\/div>\n\t\t\t<div class=\"jet-tabs__content-wrapper\">\n\t\t\t\t<div id=\"jet-tabs-content-4491\" class=\"jet-tabs__content active-content\" data-tab=\"1\" role=\"tabpanel\" aria-hidden=\"false\" data-template-id=\"false\"><h6><strong>Fabricado en Portugal<\/strong><\/h6><h5><strong>DESTACADOS<\/strong><\/h5><ul><li>Multicolor<\/li><li>Seda<\/li><li>Estampado gr\u00e1fico integral<\/li><li>Cuello cl\u00e1sico<\/li><li>Cierre frontal con botones<\/li><li>Manga larga<br \/>Costura francesa<\/li><li>Corte oversize<\/li><\/ul><h5><strong>COMPOSICI\u00d3N<\/strong><\/h5><ul><li>Seda 100%<\/li><\/ul><h5><strong>INSTRUCCIONES DE LAVADO<\/strong><\/h5><ul><li><span style=\"font-weight: 400\">S\u00f3lo limpieza en seco<\/span><\/li><\/ul><h5><strong>LLEVAR<\/strong><\/h5><ul><li>La modelo mide 189 m y lleva la talla M.<\/li><li>Peso del modelo 76 kg<\/li><\/ul><\/div><div id=\"jet-tabs-content-4492\" class=\"jet-tabs__content\" data-tab=\"2\" role=\"tabpanel\" aria-hidden=\"true\" data-template-id=\"false\"><h5><strong>MEDIDAS DEL MODELO<\/strong><\/h5>\n<ul>\n \t<li>Altura: 189 cm<\/li>\n \t<li>Pecho: 91 cm<\/li>\n \t<li>Cintura: 73 cm la modelo mide 189 m y lleva la talla M<\/li>\n<\/ul>\n<h5><strong>MEDIDAS DEL PRODUCTO<\/strong><\/h5>\n<ul>\n \t<li>longitud: 74,5 cm<\/li>\n \t<li>pecho: 44 cm<\/li>\n \t<li>hombro: 46 cm<\/li>\n \t<li>longitud de la manga: 67 cm<\/li>\n \t<li>cintura: 61,5 cm<\/li>\n \t<li>la modelo mide 189 m y lleva la talla M<\/li>\n<\/ul><\/div>\t\t\t<\/div>\n\t\t<\/div>\n\t\t\t\t<\/div>\n\t\t\t\t<\/div>\n\t\t\t\t<div class=\"elementor-element elementor-element-d6560cf elementor-widget elementor-widget-heading\" data-id=\"d6560cf\" data-element_type=\"widget\" data-widget_type=\"heading.default\">\n\t\t\t\t<div class=\"elementor-widget-container\">\n\t\t\t<style>\/*! elementor - v3.23.0 - 25-07-2024 *\/\n.elementor-heading-title{padding:0;margin:0;line-height:1}.elementor-widget-heading .elementor-heading-title[class*=elementor-size-]>a{color:inherit;font-size:inherit;line-height:inherit}.elementor-widget-heading .elementor-heading-title.elementor-size-small{font-size:15px}.elementor-widget-heading .elementor-heading-title.elementor-size-medium{font-size:19px}.elementor-widget-heading .elementor-heading-title.elementor-size-large{font-size:29px}.elementor-widget-heading .elementor-heading-title.elementor-size-xl{font-size:39px}.elementor-widget-heading .elementor-heading-title.elementor-size-xxl{font-size:59px}<\/style><h4 class=\"elementor-heading-title elementor-size-default\">Pa\u00edses que ya disponen de esta pieza exclusiva<\/h4>\t\t<\/div>\n\t\t\t\t<\/div>\n\t\t\t\t<div class=\"elementor-element elementor-element-768031b elementor-widget elementor-widget-osm-map-elementor\" data-id=\"768031b\" data-element_type=\"widget\" data-widget_type=\"osm-map-elementor.default\">\n\t\t\t\t<div class=\"elementor-widget-container\">\n\t\t\t<div id=\"osm-map-768031b\" \n        class=\"osm-map-container\" \n        data-center=\"\"><\/div>        <script type=\"text\/javascript\">\n                    <\/script>\n        \t\t<\/div>\n\t\t\t\t<\/div>\n\t\t\t\t\t<\/div>\n\t\t<\/div>\n\t\t\t\t\t<\/div>\n\t\t<\/section>\n\t\t\t\t<\/div>","protected":false},"excerpt":{"rendered":"<p>Esta camisa de seda de manga larga presenta un llamativo estampado de serpiente.<span class=\"Apple-converted-space\">\u00a0<\/span><\/p>\n<p>Los tonos rojos y azules en contraste a\u00f1aden m\u00e1s vitalidad al atrevido motivo gr\u00e1fico. Esta prenda tiene cuello cl\u00e1sico y cierre delantero abotonado.<span class=\"Apple-converted-space\">\u00a0<\/span><\/p>\n<p>Una pieza \u00fanica que todo armario masculino deber\u00eda tener.<span class=\"Apple-converted-space\">\u00a0<\/span><\/p>","protected":false},"featured_media":11960,"comment_status":"closed","ping_status":"closed","template":"","meta":[],"product_cat":[90,176,86],"product_tag":[96,98,97],"class_list":{"0":"post-11955","1":"product","2":"type-product","3":"status-publish","4":"has-post-thumbnail","6":"product_cat-limitedition","7":"product_cat-menswear","8":"product_cat-shirts","9":"product_tag-graphic-print","10":"product_tag-shirt","11":"product_tag-silk","12":"pa_size-s","13":"pa_size-m","14":"pa_size-l","16":"first","17":"instock","18":"taxable","19":"shipping-taxable","20":"purchasable","21":"product-type-variable"},"_links":{"self":[{"href":"https:\/\/victormudhe.com\/es\/wp-json\/wp\/v2\/product\/11955","targetHints":{"allow":["GET"]}}],"collection":[{"href":"https:\/\/victormudhe.com\/es\/wp-json\/wp\/v2\/product"}],"about":[{"href":"https:\/\/victormudhe.com\/es\/wp-json\/wp\/v2\/types\/product"}],"replies":[{"embeddable":true,"href":"https:\/\/victormudhe.com\/es\/wp-json\/wp\/v2\/comments?post=11955"}],"version-history":[{"count":142,"href":"https:\/\/victormudhe.com\/es\/wp-json\/wp\/v2\/product\/11955\/revisions"}],"predecessor-version":[{"id":14703,"href":"https:\/\/victormudhe.com\/es\/wp-json\/wp\/v2\/product\/11955\/revisions\/14703"}],"wp:featuredmedia":[{"embeddable":true,"href":"https:\/\/victormudhe.com\/es\/wp-json\/wp\/v2\/media\/11960"}],"wp:attachment":[{"href":"https:\/\/victormudhe.com\/es\/wp-json\/wp\/v2\/media?parent=11955"}],"wp:term":[{"taxonomy":"product_cat","embeddable":true,"href":"https:\/\/victormudhe.com\/es\/wp-json\/wp\/v2\/product_cat?post=11955"},{"taxonomy":"product_tag","embeddable":true,"href":"https:\/\/victormudhe.com\/es\/wp-json\/wp\/v2\/product_tag?post=11955"}],"curies":[{"name":"wp","href":"https:\/\/api.w.org\/{rel}","templated":true}]}}