{"id":12274,"date":"2022-11-23T22:19:34","date_gmt":"2022-11-23T22:19:34","guid":{"rendered":"https:\/\/victormudhe.com\/?post_type=product&#038;p=12274"},"modified":"2024-01-24T10:40:24","modified_gmt":"2024-01-24T10:40:24","slug":"cox-jacket-black-gray-check","status":"publish","type":"product","link":"https:\/\/victormudhe.com\/es\/shop\/chaqueta\/cox-chaqueta-negro-gris-cuadro\/","title":{"rendered":"CHAQUETA COX-NEGRO\/GRIS CUADROS"},"content":{"rendered":"<div data-elementor-type=\"wp-post\" data-elementor-id=\"12274\" class=\"elementor elementor-12274\" data-elementor-post-type=\"product\">\n\t\t\t\t\t\t<section class=\"elementor-section elementor-top-section elementor-element elementor-element-40809d1 elementor-section-boxed elementor-section-height-default elementor-section-height-default\" data-id=\"40809d1\" data-element_type=\"section\" data-settings=\"{&quot;jet_parallax_layout_list&quot;:[],&quot;background_background&quot;:&quot;classic&quot;}\">\n\t\t\t\t\t\t\t<div class=\"elementor-background-overlay\"><\/div>\n\t\t\t\t\t\t\t<div class=\"elementor-container elementor-column-gap-default\">\n\t\t\t\t\t<div class=\"elementor-column elementor-col-100 elementor-top-column elementor-element elementor-element-2b6246c\" data-id=\"2b6246c\" data-element_type=\"column\">\n\t\t\t<div class=\"elementor-widget-wrap elementor-element-populated\">\n\t\t\t\t\t\t<div class=\"elementor-element elementor-element-2ae0c98 elementor-widget elementor-widget-jet-tabs\" data-id=\"2ae0c98\" data-element_type=\"widget\" data-settings=\"{&quot;tabs_position&quot;:&quot;top&quot;,&quot;no_active_tabs&quot;:&quot;false&quot;}\" data-widget_type=\"jet-tabs.default\">\n\t\t\t\t<div class=\"elementor-widget-container\">\n\t\t\t\n\t\t<div class=\"jet-tabs jet-tabs-position-top jet-tabs-move-up-effect\" data-settings=\"{&quot;activeIndex&quot;:0,&quot;event&quot;:&quot;click&quot;,&quot;autoSwitch&quot;:false,&quot;autoSwitchDelay&quot;:3000,&quot;ajaxTemplate&quot;:false,&quot;tabsPosition&quot;:&quot;top&quot;,&quot;switchScrolling&quot;:false,&quot;switchScrollingOffset&quot;:0}\">\n\t\t\t<div class=\"jet-tabs__control-wrapper\" \trole=\"tablist\">\n\t\t\t\t<div id=\"jet-tabs-control-4491\" class=\"jet-tabs__control jet-tabs__control-icon-left elementor-menu-anchor active-tab\" data-tab=\"1\" tabindex=\"0\" role=\"tab\" aria-controls=\"jet-tabs-content-4491\" aria-expanded=\"true\" data-template-id=\"false\"><div class=\"jet-tabs__control-inner\"><div class=\"jet-tabs__label-text\">DETALLES<\/div><\/div><\/div><div id=\"jet-tabs-control-4492\" class=\"jet-tabs__control jet-tabs__control-icon-left elementor-menu-anchor\" data-tab=\"2\" tabindex=\"0\" role=\"tab\" aria-controls=\"jet-tabs-content-4492\" aria-expanded=\"false\" data-template-id=\"false\"><div class=\"jet-tabs__control-inner\"><div class=\"jet-tabs__label-text\">TALLA Y AJUSTE<\/div><\/div><\/div><div id=\"jet-tabs-control-4493\" class=\"jet-tabs__control jet-tabs__control-icon-left elementor-menu-anchor\" data-tab=\"3\" tabindex=\"0\" role=\"tab\" aria-controls=\"jet-tabs-content-4493\" aria-expanded=\"false\" data-template-id=\"false\"><div class=\"jet-tabs__control-inner\"><div class=\"jet-tabs__label-text\">ENTREGA Y DEVOLUCIONES<\/div><\/div><\/div>\t\t\t<\/div>\n\t\t\t<div class=\"jet-tabs__content-wrapper\">\n\t\t\t\t<div id=\"jet-tabs-content-4491\" class=\"jet-tabs__content active-content\" data-tab=\"1\" role=\"tabpanel\" aria-hidden=\"false\" data-template-id=\"false\"><h6><strong>Fabricado en Portugal<\/strong><\/h6><h4>DESTACADOS<\/h4><ul><li style=\"font-weight: 400\"><span style=\"font-weight: 400\">Gris\/negro<\/span><\/li><li style=\"font-weight: 400\"><span style=\"font-weight: 400\">Comprobar el tejido<\/span><\/li><li style=\"font-weight: 400\"><span style=\"font-weight: 400\">Manga larga<\/span><\/li><li style=\"font-weight: 400\"><span style=\"font-weight: 400\">Cuello cl\u00e1sico<\/span><\/li><li style=\"font-weight: 400\"><span style=\"font-weight: 400\">Cierre frontal con botones\u00a0<\/span><\/li><li style=\"font-weight: 400\"><span style=\"font-weight: 400\">Dos bolsillos de parche en el pecho<\/span><\/li><li style=\"font-weight: 400\"><span style=\"font-weight: 400\">Delgado \/ Recto<\/span><\/li><\/ul><h4>COMPOSICI\u00d3N:<\/h4><ul><li style=\"font-weight: 400\"><span style=\"font-weight: 400\">Poli\u00e9ster 68%,\u00a0<\/span><\/li><li><span style=\"font-weight: 400\">28% viscosa<\/span><\/li><li><span style=\"font-weight: 400\">4% elastano<\/span><\/li><\/ul><p>INSTRUCCIONES DE LAVADO:<\/p><ul><li>Lavado a m\u00e1quina<\/li><\/ul><h4>VESTIDO:<\/h4><ul><li style=\"font-weight: 400\"><span style=\"font-weight: 400\">La modelo mide 189 m y lleva la talla<\/span><span style=\"font-weight: 400\"> L<\/span><span style=\"font-weight: 400\">.<\/span><\/li><li style=\"font-weight: 400\"><span style=\"font-weight: 400\">Peso del modelo 76 kg<\/span><\/li><\/ul><\/div><div id=\"jet-tabs-content-4492\" class=\"jet-tabs__content\" data-tab=\"2\" role=\"tabpanel\" aria-hidden=\"true\" data-template-id=\"false\"><h4>Medidas del modelo:<\/h4><ul><li style=\"font-weight: 400\"><span style=\"font-weight: 400\">Altura: 189 cm<\/span><\/li><li style=\"font-weight: 400\"><span style=\"font-weight: 400\">Pecho: 91 cm<\/span><\/li><li style=\"font-weight: 400\"><span style=\"font-weight: 400\">Cintura: 73 cm<\/span><\/li><\/ul><p><span style=\"font-weight: 400\">la modelo mide 189 m y lleva la talla L<\/span><\/p><h4>Medidas del producto:<\/h4><ul><li style=\"font-weight: 400\"><span style=\"font-weight: 400\">longitud: <\/span><span style=\"font-weight: 400\">65<\/span><span style=\"font-weight: 400\"> cm<\/span><\/li><li style=\"font-weight: 400\"><span style=\"font-weight: 400\">pecho 1\/2: 56 cm<\/span><\/li><li style=\"font-weight: 400\"><span style=\"font-weight: 400\">hombro: 51 cm<\/span><\/li><li style=\"font-weight: 400\"><span style=\"font-weight: 400\">longitud de la manga: 70 cm<\/span><\/li><li style=\"font-weight: 400\"><span style=\"font-weight: 400\">cintura:<\/span><span style=\"font-weight: 400\"> 54<\/span><span style=\"font-weight: 400\"> cm\u00a0<\/span><\/li><\/ul><p><span style=\"font-weight: 400\">la modelo mide 189 m y lleva la talla L<\/span><\/p><p><br style=\"font-weight: 400\" \/><br style=\"font-weight: 400\" \/><br \/><\/p><\/div><div id=\"jet-tabs-content-4493\" class=\"jet-tabs__content\" data-tab=\"3\" role=\"tabpanel\" aria-hidden=\"true\" data-template-id=\"false\"><div class=\"ltr-182wjbq e2xvq5z2\"><div class=\"ltr-jeopbd\"><div class=\"ltr-r7lr81 e10aysui0\"><h4 class=\"ltr-1e7bs0a-Body-BodyBold e1xaa20t0\">Le cubrimos las espaldas<\/h4><div data-flat-content=\"FF3:ITEM:WEGOTYOURBACK\"><ul><li>Una tarifa de entrega en la mayor\u00eda de los lugares (consulte nuestra p\u00e1gina Pedidos y entrega)<\/li><li>Devoluciones gratuitas en un plazo de 14 d\u00edas (excluye venta final, piezas personalizadas, mascarillas faciales y determinados productos de belleza que contengan materiales peligrosos o inflamables, como fragancias y aerosoles).<\/li><li>Todas nuestras entregas tienen en cuenta el clima<\/li><\/ul><\/div><\/div><div><h4 class=\"ltr-1e7bs0a-Body-BodyBold e1xaa20t0\">Informaci\u00f3n sobre derechos de importaci\u00f3n<\/h4><div data-flat-content=\"FF3:ITEM:IMPORTDUTIES\"><p>Deje que nosotros nos encarguemos del papeleo.<\/p><p>Los gastos de env\u00edo est\u00e1n incluidos en el precio del art\u00edculo cuando se env\u00eda a todos los pa\u00edses de la UE (excluidas las Islas Canarias), adem\u00e1s de Reino Unido, EE.UU., Canad\u00e1, China continental, Australia, Nueva Zelanda, Puerto Rico, Suiza, Singapur, Rep\u00fablica de Corea, Kuwait, M\u00e9xico, Qatar, India, Noruega, Arabia Saud\u00ed, Regi\u00f3n de Taiw\u00e1n, Tailandia, EAU, Jap\u00f3n, Brasil, Isla de Man, San Marino, Colombia, Chile, Argentina, Egipto, L\u00edbano, Hong Kong RAE y Bahr\u00e9in. Todos los aranceles de importaci\u00f3n est\u00e1n incluidos en su pedido: el precio que ve es el precio que paga.<\/p><\/div><\/div><\/div><\/div><div class=\"ltr-15eja7h e2xvq5z1\"><div class=\"ltr-jeopbd\"><div><h4 class=\"ltr-1e7bs0a-Body-BodyBold e1xaa20t0\">Entrega estimada<\/h4><div><p class=\"ltr-4y8w0i-Body e1s5vycj0\">Est\u00e1ndar: 5 d\u00edas\u00a0<\/p><p class=\"ltr-4y8w0i-Body e1s5vycj0\">Express: 3 d\u00edas<\/p><\/div><\/div><div class=\"ltr-zjik7 e1va66bv0\"><p class=\"ltr-4y8w0i-Body e1s5vycj0\">Env\u00edo desde nuestro vendedor del mercado en Polonia<\/p><\/div><\/div><\/div><div class=\"ltr-1sg68be e2xvq5z0\"><div class=\"ltr-jeopbd\"><div><h4 class=\"ltr-1e7bs0a-Body-BodyBold e1xaa20t0\">\u00bfNecesita m\u00e1s informaci\u00f3n?<\/h4><ul class=\"ltr-1tp1224 e1r3xsk40\"><li><a class=\"ltr-1kby4wd-Body e1w8i7z30\" href=\"https:\/\/www.farfetch.com\/pt\/orders-and-shipping\" target=\"_blank\" rel=\"noopener\">Pedidos y entrega<\/a><\/li><li><a class=\"ltr-1kby4wd-Body e1w8i7z30\" href=\"https:\/\/www.farfetch.com\/pt\/returns-and-refunds\" target=\"_blank\" rel=\"noopener\">Devoluciones y reembolsos<\/a><\/li><li><a class=\"ltr-1kby4wd-Body e1w8i7z30\" href=\"https:\/\/www.farfetch.com\/pt\/faqs\" target=\"_blank\" rel=\"noopener\">Derechos e impuestos<\/a><\/li><li><a class=\"ltr-1kby4wd-Body e1w8i7z30\" href=\"https:\/\/www.farfetch.com\/pt\/stories\/climateconsciousdelivery.aspx\" target=\"_blank\" rel=\"noopener\">Entrega respetuosa con el clima<\/a><\/li><\/ul><\/div><\/div><\/div><\/div>\t\t\t<\/div>\n\t\t<\/div>\n\t\t\t\t<\/div>\n\t\t\t\t<\/div>\n\t\t\t\t<div class=\"elementor-element elementor-element-d6560cf elementor-widget elementor-widget-heading\" data-id=\"d6560cf\" data-element_type=\"widget\" data-widget_type=\"heading.default\">\n\t\t\t\t<div class=\"elementor-widget-container\">\n\t\t\t<style>\/*! elementor - v3.23.0 - 25-07-2024 *\/\n.elementor-heading-title{padding:0;margin:0;line-height:1}.elementor-widget-heading .elementor-heading-title[class*=elementor-size-]>a{color:inherit;font-size:inherit;line-height:inherit}.elementor-widget-heading .elementor-heading-title.elementor-size-small{font-size:15px}.elementor-widget-heading .elementor-heading-title.elementor-size-medium{font-size:19px}.elementor-widget-heading .elementor-heading-title.elementor-size-large{font-size:29px}.elementor-widget-heading .elementor-heading-title.elementor-size-xl{font-size:39px}.elementor-widget-heading .elementor-heading-title.elementor-size-xxl{font-size:59px}<\/style><h4 class=\"elementor-heading-title elementor-size-default\">Pa\u00edses que ya disponen de esta pieza exclusiva<\/h4>\t\t<\/div>\n\t\t\t\t<\/div>\n\t\t\t\t<div class=\"elementor-element elementor-element-768031b elementor-widget elementor-widget-osm-map-elementor\" data-id=\"768031b\" data-element_type=\"widget\" data-widget_type=\"osm-map-elementor.default\">\n\t\t\t\t<div class=\"elementor-widget-container\">\n\t\t\t<div id=\"osm-map-768031b\" \n        class=\"osm-map-container\" \n        data-center=\"50.338640042925,-46.153984772069\"><\/div>        <script type=\"text\/javascript\">\n                    <\/script>\n        \t\t<\/div>\n\t\t\t\t<\/div>\n\t\t\t\t\t<\/div>\n\t\t<\/div>\n\t\t\t\t\t<\/div>\n\t\t<\/section>\n\t\t\t\t<\/div>","protected":false},"excerpt":{"rendered":"<p>Esta chaqueta COX de edici\u00f3n limitada, con una limitaci\u00f3n de 9 piezas hechas para visionarios exclusivos y atrevidos, se confeccion\u00f3 a medida y se complet\u00f3 totalmente con una costura francesa para dar el acabado perfecto a nuestra chaqueta.<\/p>","protected":false},"featured_media":12275,"comment_status":"closed","ping_status":"closed","template":"","meta":[],"product_cat":[82,90,176,114],"product_tag":[108,107],"class_list":{"0":"post-12274","1":"product","2":"type-product","3":"status-publish","4":"has-post-thumbnail","6":"product_cat-jacket","7":"product_cat-limitedition","8":"product_cat-menswear","9":"product_cat-suit","10":"product_tag-check","11":"product_tag-jacket","12":"pa_color-black","13":"pa_color-gray-black","14":"pa_size-s","15":"pa_size-m","16":"pa_size-l","17":"pa_size-xl","19":"first","20":"instock","21":"taxable","22":"shipping-taxable","23":"purchasable","24":"product-type-variable"},"_links":{"self":[{"href":"https:\/\/victormudhe.com\/es\/wp-json\/wp\/v2\/product\/12274","targetHints":{"allow":["GET"]}}],"collection":[{"href":"https:\/\/victormudhe.com\/es\/wp-json\/wp\/v2\/product"}],"about":[{"href":"https:\/\/victormudhe.com\/es\/wp-json\/wp\/v2\/types\/product"}],"replies":[{"embeddable":true,"href":"https:\/\/victormudhe.com\/es\/wp-json\/wp\/v2\/comments?post=12274"}],"version-history":[{"count":53,"href":"https:\/\/victormudhe.com\/es\/wp-json\/wp\/v2\/product\/12274\/revisions"}],"predecessor-version":[{"id":14741,"href":"https:\/\/victormudhe.com\/es\/wp-json\/wp\/v2\/product\/12274\/revisions\/14741"}],"wp:featuredmedia":[{"embeddable":true,"href":"https:\/\/victormudhe.com\/es\/wp-json\/wp\/v2\/media\/12275"}],"wp:attachment":[{"href":"https:\/\/victormudhe.com\/es\/wp-json\/wp\/v2\/media?parent=12274"}],"wp:term":[{"taxonomy":"product_cat","embeddable":true,"href":"https:\/\/victormudhe.com\/es\/wp-json\/wp\/v2\/product_cat?post=12274"},{"taxonomy":"product_tag","embeddable":true,"href":"https:\/\/victormudhe.com\/es\/wp-json\/wp\/v2\/product_tag?post=12274"}],"curies":[{"name":"wp","href":"https:\/\/api.w.org\/{rel}","templated":true}]}}