{"id":10627,"date":"2022-11-15T09:01:29","date_gmt":"2022-11-15T09:01:29","guid":{"rendered":"https:\/\/ld-wp73.template-help.com\/woostroid2\/default\/?page_id=10627"},"modified":"2023-01-20T12:58:38","modified_gmt":"2023-01-20T12:58:38","slug":"refund_returns","status":"publish","type":"page","link":"https:\/\/victormudhe.com\/fr\/remboursements\/","title":{"rendered":"Politique de remboursement et de retour"},"content":{"rendered":"<div data-elementor-type=\"wp-page\" data-elementor-id=\"10627\" class=\"elementor elementor-10627\" data-elementor-post-type=\"page\">\n\t\t\t\t\t\t<section class=\"elementor-section elementor-top-section elementor-element elementor-element-78eb78de elementor-section-boxed elementor-section-height-default elementor-section-height-default\" data-id=\"78eb78de\" data-element_type=\"section\" data-settings=\"{&quot;jet_parallax_layout_list&quot;:[]}\">\n\t\t\t\t\t\t<div class=\"elementor-container elementor-column-gap-default\">\n\t\t\t\t\t<div class=\"elementor-column elementor-col-100 elementor-top-column elementor-element elementor-element-23040252\" data-id=\"23040252\" data-element_type=\"column\">\n\t\t\t<div class=\"elementor-widget-wrap elementor-element-populated\">\n\t\t\t\t\t\t<div class=\"elementor-element elementor-element-63c3f479 elementor-widget elementor-widget-text-editor\" data-id=\"63c3f479\" data-element_type=\"widget\" data-widget_type=\"text-editor.default\">\n\t\t\t\t<div class=\"elementor-widget-container\">\n\t\t\t<style>\/*! elementor - v3.23.0 - 25-07-2024 *\/\n.elementor-widget-text-editor.elementor-drop-cap-view-stacked .elementor-drop-cap{background-color:#69727d;color:#fff}.elementor-widget-text-editor.elementor-drop-cap-view-framed .elementor-drop-cap{color:#69727d;border:3px solid;background-color:transparent}.elementor-widget-text-editor:not(.elementor-drop-cap-view-default) .elementor-drop-cap{margin-top:8px}.elementor-widget-text-editor:not(.elementor-drop-cap-view-default) .elementor-drop-cap-letter{width:1em;height:1em}.elementor-widget-text-editor .elementor-drop-cap{float:left;text-align:center;line-height:1;font-size:50px}.elementor-widget-text-editor .elementor-drop-cap-letter{display:inline-block}<\/style>\t\t\t\t<!-- wp:paragraph -->\n<p><b>RETOURS\u00a0\u00a0<\/b><\/p>\n<p><span style=\"font-weight: 400;\">VICTOR MUDHE OFFRE UNE LIVRAISON GRATUITE POUR LES RETOURS. VEUILLEZ CONSULTER NOTRE SITE WEB POUR EFFECTUER UN RETOUR OU UN \u00c9CHANGE. DANS LES 14 JOURS SUIVANT LA DATE DE LIVRAISON DE LA COMMANDE, VICTOR MUDHE AUTORISE LES RETOURS ET LES \u00c9CHANGES. TOUS LES ARTICLES RETOURN\u00c9S DOIVENT PORTER LES \u00c9TIQUETTES D'ORIGINE, NE PAS AVOIR \u00c9T\u00c9 PORT\u00c9S, ENDOMMAG\u00c9S OU LAV\u00c9S. TOUT RETOUR DOIT \u00caTRE ACCOMPAGN\u00c9 DE LA FACTURE ORIGINALE. LE TRAITEMENT DE VOTRE RETOUR POURRAIT \u00caTRE RETARD\u00c9 SI VOUS NE LE FAITES PAS.\u00a0<\/span><\/p>\n<p><span style=\"font-weight: 400;\">EN FONCTION DE LA DISPONIBILIT\u00c9 DU PRODUIT, LES \u00c9CHANGES PEUVENT \u00caTRE EFFECTU\u00c9S POUR UNE TAILLE OU UNE COULEUR DIFF\u00c9RENTE DU STYLE ORIGINAL COMMAND\u00c9. VEUILLEZ RETOURNER VOTRE ARTICLE POUR REMBOURSEMENT ET PASSER UNE NOUVELLE COMMANDE POUR LE STYLE PR\u00c9F\u00c9R\u00c9 SI VOUS SOUHAITEZ \u00c9CHANGER VOTRE ARTICLE POUR UN STYLE DIFF\u00c9RENT. UN SEUL ENVOI D'\u00c9CHANGE SERA PAY\u00c9 PAR VICTOR MUDHE.\u00a0<\/span><\/p>\n<p><span style=\"font-weight: 400;\">LES RETOURS SONT TRAIT\u00c9S 3 \u00c0 5 JOURS OUVRABLES APR\u00c8S LEUR ARRIV\u00c9E DANS NOS LOCAUX. CE D\u00c9LAI PEUT \u00caTRE PROLONG\u00c9 EN P\u00c9RIODE DE POINTE. IL PEUT S'\u00c9COULER 5 \u00c0 10 JOURS OUVRABLES AVANT QUE LE MONTANT REMBOURS\u00c9 N'APPARAISSE SUR VOTRE RELEV\u00c9 BANCAIRE, EN FONCTION DE VOTRE FOURNISSEUR DE PAIEMENT.\u00a0<\/span><\/p>\n<p><span style=\"font-weight: 400;\">LES ARTICLES VOUS SERONT RENVOY\u00c9S SI VICTOR MUDHE CONSTATE QUE L'UN DES PRODUITS N'EST PAS DANS SON \u00c9TAT D'ORIGINE. DANS CE CAS, AUCUN REMBOURSEMENT OU \u00c9CHANGE NE SERA ACCORD\u00c9.\u00a0<\/span><\/p>\n<p><span style=\"font-weight: 400;\">support@victormudhe.com <\/span><span style=\"font-weight: 400;\">EST LE MEILLEUR MOYEN DE JOINDRE LE SERVICE CLIENT\u00c8LE SI VOUS AVEZ DES QUESTIONS. <\/span><\/p>\n<!-- \/wp:paragraph -->\t\t\t\t\t\t<\/div>\n\t\t\t\t<\/div>\n\t\t\t\t\t<\/div>\n\t\t<\/div>\n\t\t\t\t\t<\/div>\n\t\t<\/section>\n\t\t\t\t<\/div>","protected":false},"excerpt":{"rendered":"<p>RETURNS&nbsp;&nbsp; VICTOR MUDHE PROVIDES FREE SHIPPING FOR RETURNS. PLEASE VISIT OUR WEBSITE TO START A&nbsp; RETURN OR EXCHANGE. WITHIN 14 DAYS OF THE ORDER DELIVERY DATE, VICTOR MUDHE&nbsp; CURRENTLY ALLOWS RETURNS AND EXCHANGES. ALL RETURNED ITEMS NEED TO HAVE ALL&nbsp; ORIGINAL TAGS ATTACHED, BE UNWORN, UNDAMAGED, AND UNWASHED. ANY RETURN MUST&nbsp; INCLUDE THE ORIGINAL INVOICE. [&hellip;]<\/p>","protected":false},"author":1,"featured_media":0,"parent":0,"menu_order":0,"comment_status":"closed","ping_status":"closed","template":"elementor_header_footer","meta":{"footnotes":""},"class_list":["post-10627","page","type-page","status-publish","hentry"],"_links":{"self":[{"href":"https:\/\/victormudhe.com\/fr\/wp-json\/wp\/v2\/pages\/10627","targetHints":{"allow":["GET"]}}],"collection":[{"href":"https:\/\/victormudhe.com\/fr\/wp-json\/wp\/v2\/pages"}],"about":[{"href":"https:\/\/victormudhe.com\/fr\/wp-json\/wp\/v2\/types\/page"}],"author":[{"embeddable":true,"href":"https:\/\/victormudhe.com\/fr\/wp-json\/wp\/v2\/users\/1"}],"replies":[{"embeddable":true,"href":"https:\/\/victormudhe.com\/fr\/wp-json\/wp\/v2\/comments?post=10627"}],"version-history":[{"count":5,"href":"https:\/\/victormudhe.com\/fr\/wp-json\/wp\/v2\/pages\/10627\/revisions"}],"predecessor-version":[{"id":12829,"href":"https:\/\/victormudhe.com\/fr\/wp-json\/wp\/v2\/pages\/10627\/revisions\/12829"}],"wp:attachment":[{"href":"https:\/\/victormudhe.com\/fr\/wp-json\/wp\/v2\/media?parent=10627"}],"curies":[{"name":"wp","href":"https:\/\/api.w.org\/{rel}","templated":true}]}}