{"id":12281,"date":"2022-11-23T22:26:48","date_gmt":"2022-11-23T22:26:48","guid":{"rendered":"https:\/\/victormudhe.com\/?post_type=product&#038;p=12281"},"modified":"2024-01-24T15:46:50","modified_gmt":"2024-01-24T15:46:50","slug":"point-dress-pants-black-gray-check","status":"publish","type":"product","link":"https:\/\/victormudhe.com\/fr\/shop\/limitation\/pantalon-robe-de-pointe-noir-gris-tricot\/","title":{"rendered":"PANTALON HABILL\u00c9 - CARREAUX NOIRS\/GRIS"},"content":{"rendered":"<div data-elementor-type=\"wp-post\" data-elementor-id=\"12281\" class=\"elementor elementor-12281\" data-elementor-post-type=\"product\">\n\t\t\t\t\t\t<section class=\"elementor-section elementor-top-section elementor-element elementor-element-40809d1 elementor-section-boxed elementor-section-height-default elementor-section-height-default\" data-id=\"40809d1\" data-element_type=\"section\" data-settings=\"{&quot;jet_parallax_layout_list&quot;:[],&quot;background_background&quot;:&quot;classic&quot;}\">\n\t\t\t\t\t\t\t<div class=\"elementor-background-overlay\"><\/div>\n\t\t\t\t\t\t\t<div class=\"elementor-container elementor-column-gap-default\">\n\t\t\t\t\t<div class=\"elementor-column elementor-col-100 elementor-top-column elementor-element elementor-element-2b6246c\" data-id=\"2b6246c\" data-element_type=\"column\">\n\t\t\t<div class=\"elementor-widget-wrap elementor-element-populated\">\n\t\t\t\t\t\t<div class=\"elementor-element elementor-element-2ae0c98 elementor-widget elementor-widget-jet-tabs\" data-id=\"2ae0c98\" data-element_type=\"widget\" data-settings=\"{&quot;tabs_position&quot;:&quot;top&quot;,&quot;no_active_tabs&quot;:&quot;false&quot;}\" data-widget_type=\"jet-tabs.default\">\n\t\t\t\t<div class=\"elementor-widget-container\">\n\t\t\t\n\t\t<div class=\"jet-tabs jet-tabs-position-top jet-tabs-move-up-effect\" data-settings=\"{&quot;activeIndex&quot;:0,&quot;event&quot;:&quot;click&quot;,&quot;autoSwitch&quot;:false,&quot;autoSwitchDelay&quot;:3000,&quot;ajaxTemplate&quot;:false,&quot;tabsPosition&quot;:&quot;top&quot;,&quot;switchScrolling&quot;:false,&quot;switchScrollingOffset&quot;:0}\">\n\t\t\t<div class=\"jet-tabs__control-wrapper\" \trole=\"tablist\">\n\t\t\t\t<div id=\"jet-tabs-control-4491\" class=\"jet-tabs__control jet-tabs__control-icon-left elementor-menu-anchor active-tab\" data-tab=\"1\" tabindex=\"0\" role=\"tab\" aria-controls=\"jet-tabs-content-4491\" aria-expanded=\"true\" data-template-id=\"false\"><div class=\"jet-tabs__control-inner\"><div class=\"jet-tabs__label-text\">LES D\u00c9TAILS<\/div><\/div><\/div><div id=\"jet-tabs-control-4492\" class=\"jet-tabs__control jet-tabs__control-icon-left elementor-menu-anchor\" data-tab=\"2\" tabindex=\"0\" role=\"tab\" aria-controls=\"jet-tabs-content-4492\" aria-expanded=\"false\" data-template-id=\"false\"><div class=\"jet-tabs__control-inner\"><div class=\"jet-tabs__label-text\">TAILLE ET AJUSTEMENT<\/div><\/div><\/div><div id=\"jet-tabs-control-4493\" class=\"jet-tabs__control jet-tabs__control-icon-left elementor-menu-anchor\" data-tab=\"3\" tabindex=\"0\" role=\"tab\" aria-controls=\"jet-tabs-content-4493\" aria-expanded=\"false\" data-template-id=\"false\"><div class=\"jet-tabs__control-inner\"><div class=\"jet-tabs__label-text\">LIVRAISON ET RETOURS<\/div><\/div><\/div>\t\t\t<\/div>\n\t\t\t<div class=\"jet-tabs__content-wrapper\">\n\t\t\t\t<div id=\"jet-tabs-content-4491\" class=\"jet-tabs__content active-content\" data-tab=\"1\" role=\"tabpanel\" aria-hidden=\"false\" data-template-id=\"false\"><h6><strong>Fabriqu\u00e9 au Portugal<\/strong><\/h6><h4>FAITS MARQUANTS<\/h4><ul><li style=\"font-weight: 400\"><span style=\"font-weight: 400\">Gris\/noir<\/span><\/li><li style=\"font-weight: 400\"><span style=\"font-weight: 400\">V\u00e9rifier le tissu<\/span><\/li><li style=\"font-weight: 400\"><span style=\"font-weight: 400\">Passants de ceinture<\/span><\/li><li style=\"font-weight: 400\"><span style=\"font-weight: 400\">Fermeture \u00e0 boutons et \u00e0 glissi\u00e8re sur le devant\u00a0<\/span><\/li><li style=\"font-weight: 400\"><span style=\"font-weight: 400\">Deux poches lat\u00e9rales fendues<\/span><\/li><li style=\"font-weight: 400\"><span style=\"font-weight: 400\">Deux poches passepoil\u00e9es \u00e0 l'arri\u00e8re<\/span><\/li><li style=\"font-weight: 400\"><span style=\"font-weight: 400\">Jambe droite<\/span><\/li><\/ul><h4>COMPOSITION :<\/h4><ul><li><span style=\"font-weight: 400\"><span style=\"font-weight: 400\">68% polyester<\/span><\/span><\/li><li>28% viscose<\/li><li>4% \u00e9lasthanne<span style=\"font-weight: 400\"><br \/><\/span><\/li><\/ul><h4>INSTRUCTIONS DE LAVAGE :<\/h4><ul><li>Lavage en machine<\/li><\/ul><h4>PORT\u00c9 :<\/h4><ul><li style=\"font-weight: 400\"><span style=\"font-weight: 400\">Le mod\u00e8le porte la taille 189 m<\/span><span style=\"font-weight: 400\"> L<\/span><span style=\"font-weight: 400\">.<\/span><\/li><li style=\"font-weight: 400\"><span style=\"font-weight: 400\">Poids du mod\u00e8le 76 kg<\/span><\/li><\/ul><\/div><div id=\"jet-tabs-content-4492\" class=\"jet-tabs__content\" data-tab=\"2\" role=\"tabpanel\" aria-hidden=\"true\" data-template-id=\"false\"><h4>Mesures du mod\u00e8le :<\/h4><ul><li><span style=\"font-weight: 400\">Hauteur : 189 cm<\/span><\/li><li><span style=\"font-weight: 400\">Poitrine : 91 cm<\/span><\/li><li><span style=\"font-weight: 400\">Taille : 73 cm<\/span><\/li><\/ul><h4>Mesures du produit :<\/h4><ul><li><span style=\"font-weight: 400\">longueur : 112,5 cm<\/span><\/li><li><span style=\"font-weight: 400\">taille : 42 cm<\/span><\/li><li><span style=\"font-weight: 400\">hanches : 54,5 cm<\/span><\/li><\/ul><\/div><div id=\"jet-tabs-content-4493\" class=\"jet-tabs__content\" data-tab=\"3\" role=\"tabpanel\" aria-hidden=\"true\" data-template-id=\"false\"><div class=\"ltr-182wjbq e2xvq5z2\"><div class=\"ltr-jeopbd\"><div class=\"ltr-r7lr81 e10aysui0\"><h4 class=\"ltr-1e7bs0a-Body-BodyBold e1xaa20t0\">Nous vous soutenons<\/h4><div data-flat-content=\"FF3:ITEM:WEGOTYOURBACK\"><ul><li>Frais de livraison uniques dans la plupart des villes (voir notre page Commandes et livraisons)<\/li><li>Retours gratuits sous 14 jours (\u00e0 l'exclusion des ventes finales, des pi\u00e8ces personnalis\u00e9es, des masques et de certains produits de beaut\u00e9 contenant des substances dangereuses ou inflammables, comme les parfums et les a\u00e9rosols).<\/li><li>Toutes nos livraisons sont respectueuses de l'environnement<\/li><\/ul><\/div><\/div><div><h4 class=\"ltr-1e7bs0a-Body-BodyBold e1xaa20t0\">Informations sur les droits \u00e0 l'importation<\/h4><div data-flat-content=\"FF3:ITEM:IMPORTDUTIES\"><p>Laissez-nous nous occuper des d\u00e9marches.<\/p><p>Les droits de livraison sont inclus dans le prix de l'article pour tous les pays de l'UE (\u00e0 l'exception des \u00eeles Canaries), ainsi que pour le Royaume-Uni, les \u00c9tats-Unis, le Canada, la Chine continentale, l'Australie, la Nouvelle-Z\u00e9lande, Porto Rico, la Suisse, Singapour, la R\u00e9publique de Cor\u00e9e, le Kowe\u00eft, le Mexique, le Qatar, l'Inde, la Norv\u00e8ge, l'Arabie saoudite, la r\u00e9gion de Ta\u00efwan, la Tha\u00eflande, les \u00c9mirats arabes unis, le Japon, le Br\u00e9sil, l'\u00eele de Man, Saint-Marin, la Colombie, le Chili, l'Argentine, l'\u00c9gypte, le Liban, Hong Kong SAR et le Bahre\u00efn. Tous les droits d'importation sont inclus dans votre commande - le prix que vous voyez est le prix que vous payez.<\/p><\/div><\/div><\/div><\/div><div class=\"ltr-15eja7h e2xvq5z1\"><div class=\"ltr-jeopbd\"><div><h4 class=\"ltr-1e7bs0a-Body-BodyBold e1xaa20t0\">Estimation de la livraison<\/h4><div><p class=\"ltr-4y8w0i-Body e1s5vycj0\">Standard : 5 jours\u00a0<\/p><p class=\"ltr-4y8w0i-Body e1s5vycj0\">Express : 3 jours<\/p><\/div><\/div><div class=\"ltr-zjik7 e1va66bv0\"><p class=\"ltr-4y8w0i-Body e1s5vycj0\">Envoi depuis notre place de march\u00e9 en Pologne<\/p><\/div><\/div><\/div><div class=\"ltr-1sg68be e2xvq5z0\"><div class=\"ltr-jeopbd\"><div><h4 class=\"ltr-1e7bs0a-Body-BodyBold e1xaa20t0\">Besoin de plus d'informations ?<\/h4><ul class=\"ltr-1tp1224 e1r3xsk40\"><li><a class=\"ltr-1kby4wd-Body e1w8i7z30\" href=\"https:\/\/www.farfetch.com\/pt\/orders-and-shipping\" target=\"_blank\" rel=\"noopener\">Commandes et livraisons<\/a><\/li><li><a class=\"ltr-1kby4wd-Body e1w8i7z30\" href=\"https:\/\/www.farfetch.com\/pt\/returns-and-refunds\" target=\"_blank\" rel=\"noopener\">Retours et remboursements<\/a><\/li><li><a class=\"ltr-1kby4wd-Body e1w8i7z30\" href=\"https:\/\/www.farfetch.com\/pt\/faqs\" target=\"_blank\" rel=\"noopener\">Droits et taxes<\/a><\/li><li><a class=\"ltr-1kby4wd-Body e1w8i7z30\" href=\"https:\/\/www.farfetch.com\/pt\/stories\/climateconsciousdelivery.aspx\" target=\"_blank\" rel=\"noopener\">Livraison soucieuse du climat<\/a><\/li><\/ul><\/div><\/div><\/div><\/div>\t\t\t<\/div>\n\t\t<\/div>\n\t\t\t\t<\/div>\n\t\t\t\t<\/div>\n\t\t\t\t<div class=\"elementor-element elementor-element-d6560cf elementor-widget elementor-widget-heading\" data-id=\"d6560cf\" data-element_type=\"widget\" data-widget_type=\"heading.default\">\n\t\t\t\t<div class=\"elementor-widget-container\">\n\t\t\t<style>\/*! elementor - v3.23.0 - 25-07-2024 *\/\n.elementor-heading-title{padding:0;margin:0;line-height:1}.elementor-widget-heading .elementor-heading-title[class*=elementor-size-]>a{color:inherit;font-size:inherit;line-height:inherit}.elementor-widget-heading .elementor-heading-title.elementor-size-small{font-size:15px}.elementor-widget-heading .elementor-heading-title.elementor-size-medium{font-size:19px}.elementor-widget-heading .elementor-heading-title.elementor-size-large{font-size:29px}.elementor-widget-heading .elementor-heading-title.elementor-size-xl{font-size:39px}.elementor-widget-heading .elementor-heading-title.elementor-size-xxl{font-size:59px}<\/style><h4 class=\"elementor-heading-title elementor-size-default\">Les pays qui poss\u00e8dent d\u00e9j\u00e0 cette pi\u00e8ce exclusive<\/h4>\t\t<\/div>\n\t\t\t\t<\/div>\n\t\t\t\t<div class=\"elementor-element elementor-element-768031b elementor-widget elementor-widget-osm-map-elementor\" data-id=\"768031b\" data-element_type=\"widget\" data-widget_type=\"osm-map-elementor.default\">\n\t\t\t\t<div class=\"elementor-widget-container\">\n\t\t\t<div id=\"osm-map-768031b\" \n        class=\"osm-map-container\" \n        data-center=\"50.336025439108,-46.149781768578\"><\/div>        <script type=\"text\/javascript\">\n                    <\/script>\n        \t\t<\/div>\n\t\t\t\t<\/div>\n\t\t\t\t\t<\/div>\n\t\t<\/div>\n\t\t\t\t\t<\/div>\n\t\t<\/section>\n\t\t\t\t<\/div>","protected":false},"excerpt":{"rendered":"<p>Ces pantalons classiques \u00e0 jambes droites sont polyvalents gr\u00e2ce \u00e0 leur mati\u00e8re et \u00e0 leur design mode, con\u00e7us pour toutes les occasions et pour le confort. Les couleurs contrastent et se compl\u00e8tent sur ces pantalons, avec une limitation \u00e0 9 pi\u00e8ces faites pour les visionnaires exclusifs et audacieux.<\/p>","protected":false},"featured_media":13408,"comment_status":"closed","ping_status":"closed","template":"","meta":[],"product_cat":[90,176,240,114,147],"product_tag":[108,107],"class_list":{"0":"post-12281","1":"product","2":"type-product","3":"status-publish","4":"has-post-thumbnail","6":"product_cat-limitedition","7":"product_cat-menswear","8":"product_cat-out-of-stock","9":"product_cat-suit","10":"product_cat-trousers","11":"product_tag-check","12":"product_tag-jacket","13":"pa_color-black","14":"pa_color-gray-black","15":"pa_limited-edition-1-9-4-9","16":"pa_limited-edition-1-9-5-9","17":"pa_size-s","18":"pa_size-m","19":"pa_size-l","20":"pa_size-xl","22":"first","23":"outofstock","24":"taxable","25":"shipping-taxable","26":"purchasable","27":"product-type-variable"},"_links":{"self":[{"href":"https:\/\/victormudhe.com\/fr\/wp-json\/wp\/v2\/product\/12281","targetHints":{"allow":["GET"]}}],"collection":[{"href":"https:\/\/victormudhe.com\/fr\/wp-json\/wp\/v2\/product"}],"about":[{"href":"https:\/\/victormudhe.com\/fr\/wp-json\/wp\/v2\/types\/product"}],"replies":[{"embeddable":true,"href":"https:\/\/victormudhe.com\/fr\/wp-json\/wp\/v2\/comments?post=12281"}],"version-history":[{"count":57,"href":"https:\/\/victormudhe.com\/fr\/wp-json\/wp\/v2\/product\/12281\/revisions"}],"predecessor-version":[{"id":14510,"href":"https:\/\/victormudhe.com\/fr\/wp-json\/wp\/v2\/product\/12281\/revisions\/14510"}],"wp:featuredmedia":[{"embeddable":true,"href":"https:\/\/victormudhe.com\/fr\/wp-json\/wp\/v2\/media\/13408"}],"wp:attachment":[{"href":"https:\/\/victormudhe.com\/fr\/wp-json\/wp\/v2\/media?parent=12281"}],"wp:term":[{"taxonomy":"product_cat","embeddable":true,"href":"https:\/\/victormudhe.com\/fr\/wp-json\/wp\/v2\/product_cat?post=12281"},{"taxonomy":"product_tag","embeddable":true,"href":"https:\/\/victormudhe.com\/fr\/wp-json\/wp\/v2\/product_tag?post=12281"}],"curies":[{"name":"wp","href":"https:\/\/api.w.org\/{rel}","templated":true}]}}