{"id":12396,"date":"2023-01-10T15:34:36","date_gmt":"2023-01-10T15:34:36","guid":{"rendered":"https:\/\/victormudhe.com\/?post_type=product&#038;p=12396"},"modified":"2024-02-20T10:41:06","modified_gmt":"2024-02-20T10:41:06","slug":"foul-sweatpants-ecru-orange","status":"publish","type":"product","link":"https:\/\/victormudhe.com\/fr\/shop\/pantalon-de-survetement\/pantalon-de-survetement-ecru-orange\/","title":{"rendered":"PANTALON DE SURV\u00caTEMENT FOUL-ECRU ORANGE"},"content":{"rendered":"<div data-elementor-type=\"wp-post\" data-elementor-id=\"12396\" class=\"elementor elementor-12396\" data-elementor-post-type=\"product\">\n\t\t\t\t\t\t<section class=\"elementor-section elementor-top-section elementor-element elementor-element-40809d1 elementor-section-boxed elementor-section-height-default elementor-section-height-default\" data-id=\"40809d1\" data-element_type=\"section\" data-settings=\"{&quot;jet_parallax_layout_list&quot;:[],&quot;background_background&quot;:&quot;classic&quot;}\">\n\t\t\t\t\t\t\t<div class=\"elementor-background-overlay\"><\/div>\n\t\t\t\t\t\t\t<div class=\"elementor-container elementor-column-gap-default\">\n\t\t\t\t\t<div class=\"elementor-column elementor-col-100 elementor-top-column elementor-element elementor-element-2b6246c\" data-id=\"2b6246c\" data-element_type=\"column\">\n\t\t\t<div class=\"elementor-widget-wrap elementor-element-populated\">\n\t\t\t\t\t\t<div class=\"elementor-element elementor-element-2ae0c98 elementor-widget elementor-widget-jet-tabs\" data-id=\"2ae0c98\" data-element_type=\"widget\" data-settings=\"{&quot;tabs_position&quot;:&quot;top&quot;,&quot;no_active_tabs&quot;:&quot;false&quot;}\" data-widget_type=\"jet-tabs.default\">\n\t\t\t\t<div class=\"elementor-widget-container\">\n\t\t\t\n\t\t<div class=\"jet-tabs jet-tabs-position-top jet-tabs-move-up-effect\" data-settings=\"{&quot;activeIndex&quot;:0,&quot;event&quot;:&quot;click&quot;,&quot;autoSwitch&quot;:false,&quot;autoSwitchDelay&quot;:3000,&quot;ajaxTemplate&quot;:false,&quot;tabsPosition&quot;:&quot;top&quot;,&quot;switchScrolling&quot;:false,&quot;switchScrollingOffset&quot;:0}\">\n\t\t\t<div class=\"jet-tabs__control-wrapper\" \trole=\"tablist\">\n\t\t\t\t<div id=\"jet-tabs-control-4491\" class=\"jet-tabs__control jet-tabs__control-icon-left elementor-menu-anchor active-tab\" data-tab=\"1\" tabindex=\"0\" role=\"tab\" aria-controls=\"jet-tabs-content-4491\" aria-expanded=\"true\" data-template-id=\"false\"><div class=\"jet-tabs__control-inner\"><div class=\"jet-tabs__label-text\">LES D\u00c9TAILS<\/div><\/div><\/div><div id=\"jet-tabs-control-4492\" class=\"jet-tabs__control jet-tabs__control-icon-left elementor-menu-anchor\" data-tab=\"2\" tabindex=\"0\" role=\"tab\" aria-controls=\"jet-tabs-content-4492\" aria-expanded=\"false\" data-template-id=\"false\"><div class=\"jet-tabs__control-inner\"><div class=\"jet-tabs__label-text\">TAILLE ET AJUSTEMENT<\/div><\/div><\/div>\t\t\t<\/div>\n\t\t\t<div class=\"jet-tabs__content-wrapper\">\n\t\t\t\t<div id=\"jet-tabs-content-4491\" class=\"jet-tabs__content active-content\" data-tab=\"1\" role=\"tabpanel\" aria-hidden=\"false\" data-template-id=\"false\"><h6><strong>Fabriqu\u00e9 au Portugal<\/strong><\/h6><h5><strong>FAITS MARQUANTS<\/strong><\/h5><ul><li>Blanc cass\u00e9\/orange<\/li><li>Coton<\/li><li>Imprim\u00e9 tout azimut<\/li><li>Manches longues<\/li><li>Ourlet droit<\/li><li>Coupe : r\u00e9guli\u00e8re<\/li><\/ul><h5><strong>COMPOSITION<\/strong><\/h5><ul><li>Coton 100%<\/li><\/ul><h5><strong>INSTRUCTIONS DE LAVAGE<\/strong><\/h5><ul><li>Lavage en machine<\/li><\/ul><h5><strong>WEARING<\/strong><\/h5><ul><li>Le mod\u00e8le mesure 189 m et porte la taille M.<\/li><li>Poids du mod\u00e8le 76 kg<\/li><\/ul><\/div><div id=\"jet-tabs-content-4492\" class=\"jet-tabs__content\" data-tab=\"2\" role=\"tabpanel\" aria-hidden=\"true\" data-template-id=\"false\"><h5><strong>MESURES DU MOD\u00c8LE<\/strong><\/h5><ul><li>Hauteur : 189 cm<\/li><li>Poitrine : 91 cm<\/li><li>Taille : 73 cm le mod\u00e8le mesure 189 m et porte la taille L<\/li><\/ul><h5><strong>MESURES DU PRODUIT<\/strong><\/h5><ul><li>longueur : 68 cm<\/li><li>poitrine 1\/2 : 60 cm<\/li><li>\u00e9paule : 57 cm<\/li><li>longueur des manches : 65 cm<\/li><li>taille : 60 cm<\/li><li>Le mod\u00e8le mesure 189 m et porte la taille L.<\/li><\/ul><\/div>\t\t\t<\/div>\n\t\t<\/div>\n\t\t\t\t<\/div>\n\t\t\t\t<\/div>\n\t\t\t\t<div class=\"elementor-element elementor-element-d6560cf elementor-hidden-desktop elementor-hidden-tablet elementor-hidden-mobile elementor-widget elementor-widget-heading\" data-id=\"d6560cf\" data-element_type=\"widget\" data-widget_type=\"heading.default\">\n\t\t\t\t<div class=\"elementor-widget-container\">\n\t\t\t<style>\/*! elementor - v3.23.0 - 25-07-2024 *\/\n.elementor-heading-title{padding:0;margin:0;line-height:1}.elementor-widget-heading .elementor-heading-title[class*=elementor-size-]>a{color:inherit;font-size:inherit;line-height:inherit}.elementor-widget-heading .elementor-heading-title.elementor-size-small{font-size:15px}.elementor-widget-heading .elementor-heading-title.elementor-size-medium{font-size:19px}.elementor-widget-heading .elementor-heading-title.elementor-size-large{font-size:29px}.elementor-widget-heading .elementor-heading-title.elementor-size-xl{font-size:39px}.elementor-widget-heading .elementor-heading-title.elementor-size-xxl{font-size:59px}<\/style><h4 class=\"elementor-heading-title elementor-size-default\">Les pays qui poss\u00e8dent d\u00e9j\u00e0 cette pi\u00e8ce exclusive<\/h4>\t\t<\/div>\n\t\t\t\t<\/div>\n\t\t\t\t<div class=\"elementor-element elementor-element-768031b elementor-hidden-desktop elementor-hidden-tablet elementor-hidden-mobile elementor-widget elementor-widget-osm-map-elementor\" data-id=\"768031b\" data-element_type=\"widget\" data-widget_type=\"osm-map-elementor.default\">\n\t\t\t\t<div class=\"elementor-widget-container\">\n\t\t\t<div id=\"osm-map-768031b\" \n        class=\"osm-map-container\" \n        data-center=\"43.943968942567,-3.886741365721\"><\/div>        <script type=\"text\/javascript\">\n                    <\/script>\n        \t\t<\/div>\n\t\t\t\t<\/div>\n\t\t\t\t\t<\/div>\n\t\t<\/div>\n\t\t\t\t\t<\/div>\n\t\t<\/section>\n\t\t\t\t<\/div>","protected":false},"excerpt":{"rendered":"<p>Heavyweight sweatpants with a fusion of fine lines in orange to contrast the off-white.<\/p>\n<p>These standout sweatpants have an urban look with an all over orange print to contrast, giving the visionary the sensation of freedom whilst they explore the 3m unrevealed design.<span class=\"Apple-converted-space\">\u00a0<\/span><\/p>\n<p>Fabriqu\u00e9 en pur coton, ce pantalon poss\u00e8de deux poches arrondies sur les c\u00f4t\u00e9s et deux poches plaqu\u00e9es \u00e0 l'arri\u00e8re.<span class=\"Apple-converted-space\">\u00a0<\/span><\/p>","protected":false},"featured_media":13506,"comment_status":"closed","ping_status":"closed","template":"","meta":[],"product_cat":[176,240,148],"product_tag":[110,111,113],"class_list":{"0":"post-12396","1":"product","2":"type-product","3":"status-publish","4":"has-post-thumbnail","6":"product_cat-menswear","7":"product_cat-out-of-stock","8":"product_cat-sweatpants","9":"product_tag-all-over","10":"product_tag-print","11":"product_tag-sweatpant","12":"pa_color-white","13":"pa_size-s","14":"pa_size-m","15":"pa_size-l","16":"pa_size-xl","17":"pa_size-xxl","19":"first","20":"outofstock","21":"taxable","22":"shipping-taxable","23":"purchasable","24":"product-type-variable"},"_links":{"self":[{"href":"https:\/\/victormudhe.com\/fr\/wp-json\/wp\/v2\/product\/12396","targetHints":{"allow":["GET"]}}],"collection":[{"href":"https:\/\/victormudhe.com\/fr\/wp-json\/wp\/v2\/product"}],"about":[{"href":"https:\/\/victormudhe.com\/fr\/wp-json\/wp\/v2\/types\/product"}],"replies":[{"embeddable":true,"href":"https:\/\/victormudhe.com\/fr\/wp-json\/wp\/v2\/comments?post=12396"}],"version-history":[{"count":4,"href":"https:\/\/victormudhe.com\/fr\/wp-json\/wp\/v2\/product\/12396\/revisions"}],"predecessor-version":[{"id":14161,"href":"https:\/\/victormudhe.com\/fr\/wp-json\/wp\/v2\/product\/12396\/revisions\/14161"}],"wp:featuredmedia":[{"embeddable":true,"href":"https:\/\/victormudhe.com\/fr\/wp-json\/wp\/v2\/media\/13506"}],"wp:attachment":[{"href":"https:\/\/victormudhe.com\/fr\/wp-json\/wp\/v2\/media?parent=12396"}],"wp:term":[{"taxonomy":"product_cat","embeddable":true,"href":"https:\/\/victormudhe.com\/fr\/wp-json\/wp\/v2\/product_cat?post=12396"},{"taxonomy":"product_tag","embeddable":true,"href":"https:\/\/victormudhe.com\/fr\/wp-json\/wp\/v2\/product_tag?post=12396"}],"curies":[{"name":"wp","href":"https:\/\/api.w.org\/{rel}","templated":true}]}}