{"id":14291,"date":"2023-04-24T11:45:06","date_gmt":"2023-04-24T11:45:06","guid":{"rendered":"https:\/\/victormudhe.com\/?post_type=product&#038;p=14291"},"modified":"2024-01-24T11:17:57","modified_gmt":"2024-01-24T11:17:57","slug":"ledgie-pants-khaki","status":"publish","type":"product","link":"https:\/\/victormudhe.com\/fr\/shop\/denim\/pantalon-ledgie-khaki\/","title":{"rendered":"PANTALON LEDGIE-KHAKI"},"content":{"rendered":"<div data-elementor-type=\"wp-post\" data-elementor-id=\"14291\" class=\"elementor elementor-14291\" data-elementor-post-type=\"product\">\n\t\t\t\t\t\t<section class=\"elementor-section elementor-top-section elementor-element elementor-element-40809d1 elementor-section-boxed elementor-section-height-default elementor-section-height-default\" data-id=\"40809d1\" data-element_type=\"section\" data-settings=\"{&quot;jet_parallax_layout_list&quot;:[],&quot;background_background&quot;:&quot;classic&quot;}\">\n\t\t\t\t\t\t\t<div class=\"elementor-background-overlay\"><\/div>\n\t\t\t\t\t\t\t<div class=\"elementor-container elementor-column-gap-default\">\n\t\t\t\t\t<div class=\"elementor-column elementor-col-100 elementor-top-column elementor-element elementor-element-2b6246c\" data-id=\"2b6246c\" data-element_type=\"column\">\n\t\t\t<div class=\"elementor-widget-wrap elementor-element-populated\">\n\t\t\t\t\t\t<div class=\"elementor-element elementor-element-2ae0c98 elementor-widget elementor-widget-jet-tabs\" data-id=\"2ae0c98\" data-element_type=\"widget\" data-settings=\"{&quot;tabs_position&quot;:&quot;top&quot;,&quot;no_active_tabs&quot;:&quot;false&quot;}\" data-widget_type=\"jet-tabs.default\">\n\t\t\t\t<div class=\"elementor-widget-container\">\n\t\t\t\n\t\t<div class=\"jet-tabs jet-tabs-position-top jet-tabs-move-up-effect\" data-settings=\"{&quot;activeIndex&quot;:0,&quot;event&quot;:&quot;click&quot;,&quot;autoSwitch&quot;:false,&quot;autoSwitchDelay&quot;:3000,&quot;ajaxTemplate&quot;:false,&quot;tabsPosition&quot;:&quot;top&quot;,&quot;switchScrolling&quot;:false,&quot;switchScrollingOffset&quot;:0}\">\n\t\t\t<div class=\"jet-tabs__control-wrapper\" \trole=\"tablist\">\n\t\t\t\t<div id=\"jet-tabs-control-4491\" class=\"jet-tabs__control jet-tabs__control-icon-left elementor-menu-anchor active-tab\" data-tab=\"1\" tabindex=\"0\" role=\"tab\" aria-controls=\"jet-tabs-content-4491\" aria-expanded=\"true\" data-template-id=\"false\"><div class=\"jet-tabs__control-inner\"><div class=\"jet-tabs__label-text\">LES D\u00c9TAILS<\/div><\/div><\/div><div id=\"jet-tabs-control-4492\" class=\"jet-tabs__control jet-tabs__control-icon-left elementor-menu-anchor\" data-tab=\"2\" tabindex=\"0\" role=\"tab\" aria-controls=\"jet-tabs-content-4492\" aria-expanded=\"false\" data-template-id=\"false\"><div class=\"jet-tabs__control-inner\"><div class=\"jet-tabs__label-text\">TAILLE ET AJUSTEMENT<\/div><\/div><\/div>\t\t\t<\/div>\n\t\t\t<div class=\"jet-tabs__content-wrapper\">\n\t\t\t\t<div id=\"jet-tabs-content-4491\" class=\"jet-tabs__content active-content\" data-tab=\"1\" role=\"tabpanel\" aria-hidden=\"false\" data-template-id=\"false\"><h6><strong>Fabriqu\u00e9 au Portugal<\/strong><\/h6><h5><strong>FAITS MARQUANTS<\/strong><\/h5><ul><li style=\"font-weight: 400\"><span style=\"font-weight: 400\">Kaki<\/span><\/li><li style=\"font-weight: 400\"><span style=\"font-weight: 400\">M\u00e9lange de coton<\/span><\/li><li style=\"font-weight: 400\"><span style=\"font-weight: 400\">D\u00e9tails de la fermeture \u00e9clair<\/span><\/li><li style=\"font-weight: 400\"><span style=\"font-weight: 400\">Deux poches cargo lat\u00e9rales<\/span><\/li><li style=\"font-weight: 400\"><span style=\"font-weight: 400\">Deux poches arri\u00e8re plaqu\u00e9es<\/span><\/li><li style=\"font-weight: 400\"><span style=\"font-weight: 400\">Fermeture \u00e0 boutons et \u00e0 glissi\u00e8re sur le devant\u00a0<\/span><\/li><li style=\"font-weight: 400\"><span style=\"font-weight: 400\">Passants de ceinture<\/span><\/li><li style=\"font-weight: 400\"><span style=\"font-weight: 400\">Jambe droite<\/span><\/li><\/ul><h5><strong>COMPOSITION<\/strong><\/h5><ul><li><span style=\"font-weight: 400\">100% coton<\/span><\/li><\/ul><h5><strong>INSTRUCTIONS DE LAVAGE<\/strong><\/h5><ul><li>Lavage en machine<\/li><\/ul><h5><strong>WEARING<\/strong><\/h5><ul><li style=\"font-weight: 400\"><span style=\"font-weight: 400\">Le mod\u00e8le mesure 189 m et porte la taille L.<\/span><\/li><li style=\"font-weight: 400\"><span style=\"font-weight: 400\">Poids du mod\u00e8le 70 kg<\/span><\/li><\/ul><\/div><div id=\"jet-tabs-content-4492\" class=\"jet-tabs__content\" data-tab=\"2\" role=\"tabpanel\" aria-hidden=\"true\" data-template-id=\"false\"><h5><strong>MESURES DU MOD\u00c8LE<\/strong><\/h5><ul><li><span style=\"font-weight: 400\">Hauteur : 189<\/span><\/li><li><span style=\"font-weight: 400\">Poitrine : 91<\/span><\/li><li><span style=\"font-weight: 400\">Taille : 74<\/span><\/li><\/ul><p><span style=\"font-weight: 400\">Le mod\u00e8le est 189 m et porte la taille +33.<\/span><\/p><h5><strong>MESURES DU PRODUIT<\/strong><\/h5><ul><li><span style=\"font-weight: 400\">longueur : 68 cm<\/span><\/li><li><span style=\"font-weight: 400\">poitrine 1\/2 : 60 cm<\/span><\/li><li><span style=\"font-weight: 400\">\u00e9paule : 57 cm<\/span><\/li><li><span style=\"font-weight: 400\">longueur des manches : 65 cm<\/span><\/li><li><span style=\"font-weight: 400\">taille : 60 cm<\/span><\/li><\/ul><\/div>\t\t\t<\/div>\n\t\t<\/div>\n\t\t\t\t<\/div>\n\t\t\t\t<\/div>\n\t\t\t\t<div class=\"elementor-element elementor-element-d6560cf elementor-hidden-desktop elementor-hidden-tablet elementor-hidden-mobile elementor-widget elementor-widget-heading\" data-id=\"d6560cf\" data-element_type=\"widget\" data-widget_type=\"heading.default\">\n\t\t\t\t<div class=\"elementor-widget-container\">\n\t\t\t<style>\/*! elementor - v3.23.0 - 25-07-2024 *\/\n.elementor-heading-title{padding:0;margin:0;line-height:1}.elementor-widget-heading .elementor-heading-title[class*=elementor-size-]>a{color:inherit;font-size:inherit;line-height:inherit}.elementor-widget-heading .elementor-heading-title.elementor-size-small{font-size:15px}.elementor-widget-heading .elementor-heading-title.elementor-size-medium{font-size:19px}.elementor-widget-heading .elementor-heading-title.elementor-size-large{font-size:29px}.elementor-widget-heading .elementor-heading-title.elementor-size-xl{font-size:39px}.elementor-widget-heading .elementor-heading-title.elementor-size-xxl{font-size:59px}<\/style><h4 class=\"elementor-heading-title elementor-size-default\">Les pays qui poss\u00e8dent d\u00e9j\u00e0 cette pi\u00e8ce exclusive<\/h4>\t\t<\/div>\n\t\t\t\t<\/div>\n\t\t\t\t<div class=\"elementor-element elementor-element-768031b elementor-hidden-desktop elementor-hidden-tablet elementor-hidden-mobile elementor-widget elementor-widget-osm-map-elementor\" data-id=\"768031b\" data-element_type=\"widget\" data-widget_type=\"osm-map-elementor.default\">\n\t\t\t\t<div class=\"elementor-widget-container\">\n\t\t\t<div id=\"osm-map-768031b\" \n        class=\"osm-map-container\" \n        data-center=\"43.943968942567,-3.886741365721\"><\/div>        <script type=\"text\/javascript\">\n                    <\/script>\n        \t\t<\/div>\n\t\t\t\t<\/div>\n\t\t\t\t\t<\/div>\n\t\t<\/div>\n\t\t\t\t\t<\/div>\n\t\t<\/section>\n\t\t\t\t<\/div>","protected":false},"excerpt":{"rendered":"<p>Ce pantalon cargo est fabriqu\u00e9 \u00e0 partir de serg\u00e9 et de velours c\u00f4tel\u00e9. Il pr\u00e9sente une coupe r\u00e9guli\u00e8re classique et de nombreuses poches de chaque c\u00f4t\u00e9. Il est dot\u00e9 de fentes lat\u00e9rales et de boutons-pression ajustables cach\u00e9s pour permettre une plus grande libert\u00e9 de mouvement.<\/p>","protected":false},"featured_media":14305,"comment_status":"closed","ping_status":"closed","template":"","meta":[],"product_cat":[120,176,147],"product_tag":[219,221,222,220],"class_list":{"0":"post-14291","1":"product","2":"type-product","3":"status-publish","4":"has-post-thumbnail","6":"product_cat-denim","7":"product_cat-menswear","8":"product_cat-trousers","9":"product_tag-cargo-pants","10":"product_tag-green-pants","11":"product_tag-khaki-pants","12":"product_tag-pants","13":"pa_color-ecru","14":"pa_color-orange","15":"pa_size-33-long-length","16":"pa_size-34-long-length","17":"pa_size-36-long-length","18":"pa_size-191","19":"pa_size-192","20":"pa_size-193","21":"pa_size-195","22":"pa_size-197","23":"pa_size-199","25":"first","26":"instock","27":"taxable","28":"shipping-taxable","29":"purchasable","30":"product-type-variable"},"_links":{"self":[{"href":"https:\/\/victormudhe.com\/fr\/wp-json\/wp\/v2\/product\/14291","targetHints":{"allow":["GET"]}}],"collection":[{"href":"https:\/\/victormudhe.com\/fr\/wp-json\/wp\/v2\/product"}],"about":[{"href":"https:\/\/victormudhe.com\/fr\/wp-json\/wp\/v2\/types\/product"}],"replies":[{"embeddable":true,"href":"https:\/\/victormudhe.com\/fr\/wp-json\/wp\/v2\/comments?post=14291"}],"version-history":[{"count":5,"href":"https:\/\/victormudhe.com\/fr\/wp-json\/wp\/v2\/product\/14291\/revisions"}],"predecessor-version":[{"id":14739,"href":"https:\/\/victormudhe.com\/fr\/wp-json\/wp\/v2\/product\/14291\/revisions\/14739"}],"wp:featuredmedia":[{"embeddable":true,"href":"https:\/\/victormudhe.com\/fr\/wp-json\/wp\/v2\/media\/14305"}],"wp:attachment":[{"href":"https:\/\/victormudhe.com\/fr\/wp-json\/wp\/v2\/media?parent=14291"}],"wp:term":[{"taxonomy":"product_cat","embeddable":true,"href":"https:\/\/victormudhe.com\/fr\/wp-json\/wp\/v2\/product_cat?post=14291"},{"taxonomy":"product_tag","embeddable":true,"href":"https:\/\/victormudhe.com\/fr\/wp-json\/wp\/v2\/product_tag?post=14291"}],"curies":[{"name":"wp","href":"https:\/\/api.w.org\/{rel}","templated":true}]}}